{"id":1532,"date":"2026-03-12T08:35:06","date_gmt":"2026-03-12T07:35:06","guid":{"rendered":"https:\/\/mastec.se\/kariera\/"},"modified":"2026-05-07T10:29:17","modified_gmt":"2026-05-07T08:29:17","slug":"kariera","status":"publish","type":"page","link":"http:\/\/mastec.se\/pl\/kariera\/","title":{"rendered":"Kariera"},"content":{"rendered":"\n<div class=\"hero-block wp-block-mastec-hero\" data-rotation-speed=\"5000\">\n    <div class=\"hero-block-media\">\n                \n        <!-- Overlay -->\n        <div class=\"hero-overlay\"><\/div>\n    <\/div>\n    \n    <!-- Inneh\u00e5ll via InnerBlocks -->\n    <div class=\"hero-content\">\n            <div class=\"acf-innerblocks-container\">\n\n<h1 class=\"wp-block-heading has-palette-color-1-color has-text-color has-link-color wp-elements-874d3558527c3098a8a214b809ea1f53\">Kariera<\/h1>\n\n\n\n<p>Chcesz wsp\u00f3\u0142tworzy\u0107 przysz\u0142o\u015b\u0107 produkcji? W Mastec staniesz si\u0119 cz\u0119\u015bci\u0105 innowacyjnej grupy przemys\u0142owej, gdzie rozw\u00f3j, technologia i wsp\u00f3\u0142praca s\u0105 w centrum uwagi. Zawsze d\u0105\u017cymy do tego, aby to, co robimy, robi\u0107 w najlepszy mo\u017cliwy spos\u00f3b \u2013 i robimy to razem. U nas masz mo\u017cliwo\u015b\u0107 rozwoju, wp\u0142ywania i wnoszenia wk\u0142adu w \u015brodowisku, gdzie zaanga\u017cowanie i kompetencje naprawd\u0119 robi\u0105 r\u00f3\u017cnic\u0119.   <\/p>\n\n\n\n<div class=\"wp-block-buttons is-content-justification-left is-layout-flex wp-container-core-buttons-is-layout-fc4fd283 wp-block-buttons-is-layout-flex\">\n<div class=\"wp-block-button\"><a class=\"wp-block-button__link has-palette-color-1-color has-palette-color-3-background-color has-text-color has-background has-link-color wp-element-button\" href=\"mailto:lisa.eklund@mastec.se\">Wy\u015blij swoje podanie!<\/a><\/div>\n<\/div>\n\n<\/div>    <\/div>\n<\/div>\n\n\n<div style=\"height:40px\" aria-hidden=\"true\" class=\"wp-block-spacer\"><\/div>\n\n<div class=\"wp-block-media-text alignwide is-stacked-on-mobile has-palette-color-1-background-color has-background\" style=\"padding-top:var(--wp--preset--spacing--80);padding-right:var(--wp--preset--spacing--80);padding-bottom:var(--wp--preset--spacing--80);padding-left:var(--wp--preset--spacing--80)\"><figure class=\"wp-block-media-text__media\"><img data-dominant-color=\"9e98a1\" data-has-transparency=\"false\" style=\"--dominant-color: #9e98a1;\" loading=\"lazy\" decoding=\"async\" width=\"1024\" height=\"728\" src=\"https:\/\/mastec.se\/app\/uploads\/2026\/03\/IMG_8368-1024x728.webp\" alt=\"\" class=\"wp-image-629 size-full not-transparent\" srcset=\"http:\/\/mastec.se\/app\/uploads\/2026\/03\/IMG_8368-1024x728.webp 1024w, http:\/\/mastec.se\/app\/uploads\/2026\/03\/IMG_8368-300x213.webp 300w, http:\/\/mastec.se\/app\/uploads\/2026\/03\/IMG_8368-768x546.webp 768w, http:\/\/mastec.se\/app\/uploads\/2026\/03\/IMG_8368-1536x1092.webp 1536w, http:\/\/mastec.se\/app\/uploads\/2026\/03\/IMG_8368.webp 1757w\" sizes=\"auto, (max-width: 1024px) 100vw, 1024px\" \/><\/figure><div class=\"wp-block-media-text__content\">\n<h2 class=\"wp-block-heading\">Nasze warto\u015bci<\/h2>\n\n\n\n<p>Nasze warto\u015bci \u2013 szacunek, skupienie na kliencie i pasja \u2013 stanowi\u0105 podstaw\u0119 naszej pracy w Mastec. Dzia\u0142aj\u0105c zgodnie z nimi, wsp\u00f3lnie tworzymy kultur\u0119, kt\u00f3ra przynosi korzy\u015bci wszystkim. Warto\u015bci te obowi\u0105zuj\u0105 we wszystkich naszych relacjach, wewn\u0119trznych i zewn\u0119trznych, a od wszystkich pracownik\u00f3w oczekuje si\u0119 ich przestrzegania w codziennej pracy. Liderzy ponosz\u0105 szczeg\u00f3ln\u0105 odpowiedzialno\u015b\u0107 za tworzenie odpowiednich warunk\u00f3w, ale wszyscy ponosimy wsp\u00f3ln\u0105 odpowiedzialno\u015b\u0107 za ich utrzymanie w czasie. Nasze warto\u015bci kieruj\u0105 nami w sposobie wsp\u00f3\u0142pracy, podejmowania decyzji i wsp\u00f3lnego rozwoju \u2013 oraz przyczyniaj\u0105 si\u0119 do naszej wsp\u00f3lnej wizji bycia \u015bwiatowym liderem w naszej dziedzinie.    <\/p>\n\n\n\n<div class=\"wp-block-buttons is-layout-flex wp-block-buttons-is-layout-flex\">\n<div class=\"wp-block-button\"><a class=\"wp-block-button__link has-palette-color-3-background-color has-background wp-element-button\" href=\"https:\/\/mastec.se\/om-oss\/\">Czytaj wi\u0119cej tutaj!<\/a><\/div>\n<\/div>\n<\/div><\/div>\n\n<div class=\"wp-block-media-text alignwide has-media-on-the-right is-stacked-on-mobile has-white-background-color has-background\" style=\"border-top-left-radius:10px;border-top-right-radius:10px;border-bottom-left-radius:10px;border-bottom-right-radius:10px;padding-top:var(--wp--preset--spacing--80);padding-right:var(--wp--preset--spacing--80);padding-bottom:var(--wp--preset--spacing--80);padding-left:var(--wp--preset--spacing--80)\"><div class=\"wp-block-media-text__content\">\n<h2 class=\"wp-block-heading\">Praca u nas<\/h2>\n\n\n\n<p>Praca w Mastec oznacza bycie cz\u0119\u015bci\u0105 zespo\u0142u, w kt\u00f3rym wsp\u00f3\u0142praca i zaanga\u017cowanie s\u0105 kluczowe dla sukcesu. Cenimy odpowiedzialno\u015b\u0107 i ch\u0119\u0107 rozwoju \u2013 zar\u00f3wno jako jednostka, jak i w \u017cyciu zawodowym. <\/p>\n\n\n\n<p>Skupienie na kliencie przenika ca\u0142\u0105 nasz\u0105 dzia\u0142alno\u015b\u0107. Bierzemy odpowiedzialno\u015b\u0107 za ca\u0142o\u015b\u0107 i d\u0105\u017cymy do dostarczania rozwi\u0105za\u0144, kt\u00f3re tworz\u0105 warto\u015b\u0107 w czasie. Jednocze\u015bnie dbamy o bezpieczne i zr\u00f3wnowa\u017cone \u015brodowisko pracy, w kt\u00f3rym ludzie mog\u0105 si\u0119 rozwija\u0107 i czu\u0107 si\u0119 dobrze.  <\/p>\n\n\n\n<p>Wierzymy, \u017ce dobre wyniki powstaj\u0105, gdy ludzie czuj\u0105 si\u0119 dobrze, wsp\u00f3\u0142pracuj\u0105 i s\u0105 dumni ze swojej pracy. Dlatego aktywnie dzia\u0142amy na rzecz tworzenia odpowiednich warunk\u00f3w \u2013 dzi\u015b i na d\u0142u\u017csz\u0105 met\u0119. <\/p>\n<\/div><figure class=\"wp-block-media-text__media\"><img data-dominant-color=\"646e7c\" data-has-transparency=\"false\" style=\"--dominant-color: #646e7c;\" loading=\"lazy\" decoding=\"async\" width=\"1024\" height=\"683\" src=\"http:\/\/mastec.se\/app\/uploads\/2026\/03\/IMG_7797-1024x683.webp\" alt=\"\" class=\"wp-image-737 size-full not-transparent\" srcset=\"http:\/\/mastec.se\/app\/uploads\/2026\/03\/IMG_7797-1024x683.webp 1024w, http:\/\/mastec.se\/app\/uploads\/2026\/03\/IMG_7797-300x200.webp 300w, http:\/\/mastec.se\/app\/uploads\/2026\/03\/IMG_7797-768x512.webp 768w, http:\/\/mastec.se\/app\/uploads\/2026\/03\/IMG_7797-1536x1025.webp 1536w, http:\/\/mastec.se\/app\/uploads\/2026\/03\/IMG_7797-2048x1366.webp 2048w\" sizes=\"auto, (max-width: 1024px) 100vw, 1024px\" \/><\/figure><\/div>\n\n<div class=\"wp-block-media-text alignwide is-stacked-on-mobile has-palette-color-1-background-color has-background\" style=\"padding-top:var(--wp--preset--spacing--80);padding-right:var(--wp--preset--spacing--80);padding-bottom:var(--wp--preset--spacing--80);padding-left:var(--wp--preset--spacing--80)\"><figure class=\"wp-block-media-text__media\"><img data-dominant-color=\"748595\" data-has-transparency=\"false\" style=\"--dominant-color: #748595;\" loading=\"lazy\" decoding=\"async\" width=\"1024\" height=\"683\" src=\"https:\/\/mastec.se\/app\/uploads\/2026\/03\/IMG_7634-1024x683.webp\" alt=\"\" class=\"wp-image-728 size-full not-transparent\" srcset=\"http:\/\/mastec.se\/app\/uploads\/2026\/03\/IMG_7634-1024x683.webp 1024w, http:\/\/mastec.se\/app\/uploads\/2026\/03\/IMG_7634-300x200.webp 300w, http:\/\/mastec.se\/app\/uploads\/2026\/03\/IMG_7634-768x512.webp 768w, http:\/\/mastec.se\/app\/uploads\/2026\/03\/IMG_7634-1536x1024.webp 1536w, http:\/\/mastec.se\/app\/uploads\/2026\/03\/IMG_7634-2048x1366.webp 2048w\" sizes=\"auto, (max-width: 1024px) 100vw, 1024px\" \/><\/figure><div class=\"wp-block-media-text__content\">\n<h2 class=\"wp-block-heading\">Jeste\u015bmy specjalistami w swojej dziedzinie<\/h2>\n\n\n\n<p>Mastec to innowacyjna grupa przemys\u0142owa i partner produkcyjny \u2013 nasza si\u0142a polega na realizacji pomys\u0142\u00f3w naszych klient\u00f3w poprzez efektywn\u0105 i wysokiej jako\u015bci produkcj\u0119.<\/p>\n\n\n\n<p>Jako nasz pracownik, staniesz si\u0119 wa\u017cn\u0105 cz\u0119\u015bci\u0105 tej pracy. Wsp\u00f3lnie tworzymy warto\u015b\u0107 poprzez wysokie kompetencje techniczne, silne skupienie na kliencie i prawdziwe zaanga\u017cowanie w ka\u017cde zlecenie \u2013 od pomys\u0142u do produkcji seryjnej. <\/p>\n\n\n\n<p>Oferujemy miejsce pracy, w kt\u00f3rym mo\u017cesz rozwija\u0107 si\u0119 w zaawansowanej produkcji przemys\u0142owej, w \u015bcis\u0142ej wsp\u00f3\u0142pracy zar\u00f3wno z kolegami, jak i klientami. Tutaj przyczyniasz si\u0119 do ca\u0142ego \u0142a\u0144cucha, obejmuj\u0105cego mi\u0119dzy innymi obr\u00f3bk\u0119, formowanie wtryskowe, obr\u00f3bk\u0119 blach, spawanie, monta\u017c i obr\u00f3bk\u0119 powierzchni. <\/p>\n\n\n\n<p>Nap\u0119dza nas ci\u0105g\u0142e rozwijanie i ulepszanie naszych rozwi\u0105za\u0144 produkcyjnych \u2013 to w\u0142a\u015bnie nazywamy Pasj\u0105 do produkcji.<\/p>\n<\/div><\/div>\n\n<div style=\"height:40px\" aria-hidden=\"true\" class=\"wp-block-spacer\"><\/div>\n\n<div class=\"wp-block-group alignwide has-palette-color-1-color has-palette-color-7-background-color has-text-color has-background has-link-color wp-elements-a5dfcf0dffe17a3cd09c684f6de9d157 is-content-justification-center is-layout-constrained wp-container-core-group-is-layout-1ccda2f7 wp-block-group-is-layout-constrained\" style=\"border-top-left-radius:10px;border-top-right-radius:10px;border-bottom-left-radius:10px;border-bottom-right-radius:10px;padding-top:var(--wp--preset--spacing--70);padding-bottom:var(--wp--preset--spacing--70)\">\n<h2 class=\"wp-block-heading has-text-align-center has-palette-color-4-color has-text-color has-link-color wp-elements-9862ad1446bb14e3a8c370f3464f0ab8\">Masz ochot\u0119 na now\u0105 prac\u0119?<\/h2>\n\n\n\n<p class=\"has-text-align-center has-palette-color-4-color has-text-color has-link-color wp-elements-789d151a81d9ffce7f7107a71650e94d\">Zapraszamy do z\u0142o\u017cenia spontanicznego podania. Kliknij poni\u017cszy link. <\/p>\n\n\n\n<div class=\"wp-block-buttons is-content-justification-center is-layout-flex wp-container-core-buttons-is-layout-a89b3969 wp-block-buttons-is-layout-flex\">\n<div class=\"wp-block-button\"><a class=\"wp-block-button__link has-palette-color-1-color has-palette-color-3-background-color has-text-color has-background has-link-color wp-element-button\" href=\"mailto:lisa.eklund@mastec.se\">Z\u0142\u00f3\u017c spontaniczne podanie!<\/a><\/div>\n<\/div>\n<\/div>\n","protected":false},"excerpt":{"rendered":"<p>Chcesz wsp\u00f3\u0142tworzy\u0107 przysz\u0142o\u015b\u0107 produkcji? W Mastec staniesz si\u0119 cz\u0119\u015bci\u0105 innowacyjnej grupy przemys\u0142owej, gdzie rozw\u00f3j, technologia i wsp\u00f3\u0142praca s\u0105 w centrum uwagi. Zawsze d\u0105\u017cymy do tego, aby to, co robimy, robi\u0107 w najlepszy mo\u017cliwy spos\u00f3b \u2013 i robimy to razem. U nas masz mo\u017cliwo\u015b\u0107 rozwoju, wp\u0142ywania i wnoszenia wk\u0142adu w \u015brodowisku, gdzie zaanga\u017cowanie i kompetencje naprawd\u0119 robi\u0105 r\u00f3\u017cnic\u0119.   <\/p>\n","protected":false},"author":1,"featured_media":1536,"parent":0,"menu_order":0,"comment_status":"closed","ping_status":"closed","template":"","meta":{"_acf_changed":false,"inline_featured_image":false,"footnotes":""},"class_list":["post-1532","page","type-page","status-publish","has-post-thumbnail","hentry"],"blocksy_meta":[],"acf":[],"yoast_head":"<!-- This site is optimized with the Yoast SEO plugin v27.5 - https:\/\/yoast.com\/product\/yoast-seo-wordpress\/ -->\n<title>Kariera - Mastec<\/title>\n<meta name=\"robots\" content=\"index, follow, max-snippet:-1, max-image-preview:large, max-video-preview:-1\" \/>\n<link rel=\"canonical\" href=\"https:\/\/mastec.se\/pl\/?page_id=1532\" \/>\n<meta property=\"og:locale\" content=\"pl_PL\" \/>\n<meta property=\"og:type\" content=\"article\" \/>\n<meta property=\"og:title\" content=\"Kariera - Mastec\" \/>\n<meta property=\"og:description\" content=\"Chcesz wsp\u00f3\u0142tworzy\u0107 przysz\u0142o\u015b\u0107 produkcji? W Mastec staniesz si\u0119 cz\u0119\u015bci\u0105 innowacyjnej grupy przemys\u0142owej, gdzie rozw\u00f3j, technologia i wsp\u00f3\u0142praca s\u0105 w centrum uwagi. Zawsze d\u0105\u017cymy do tego, aby to, co robimy, robi\u0107 w najlepszy mo\u017cliwy spos\u00f3b \u2013 i robimy to razem. U nas masz mo\u017cliwo\u015b\u0107 rozwoju, wp\u0142ywania i wnoszenia wk\u0142adu w \u015brodowisku, gdzie zaanga\u017cowanie i kompetencje naprawd\u0119 robi\u0105 r\u00f3\u017cnic\u0119.\" \/>\n<meta property=\"og:url\" content=\"https:\/\/mastec.se\/pl\/?page_id=1532\" \/>\n<meta property=\"og:site_name\" content=\"Mastec\" \/>\n<meta property=\"article:modified_time\" content=\"2026-05-07T08:29:17+00:00\" \/>\n<meta property=\"og:image\" content=\"https:\/\/mastec.se\/app\/uploads\/2026\/03\/IMG_7579.webp\" \/>\n\t<meta property=\"og:image:width\" content=\"2477\" \/>\n\t<meta property=\"og:image:height\" content=\"1653\" \/>\n\t<meta property=\"og:image:type\" content=\"image\/jpeg\" \/>\n<meta name=\"twitter:card\" content=\"summary_large_image\" \/>\n<meta name=\"twitter:label1\" content=\"Est. reading time\" \/>\n\t<meta name=\"twitter:data1\" content=\"2 minutes\" \/>\n<script type=\"application\/ld+json\" class=\"yoast-schema-graph\">{\"@context\":\"https:\\\/\\\/schema.org\",\"@graph\":[{\"@type\":\"WebPage\",\"@id\":\"https:\\\/\\\/mastec.se\\\/pl\\\/?page_id=1532\",\"url\":\"https:\\\/\\\/mastec.se\\\/pl\\\/?page_id=1532\",\"name\":\"Kariera - Mastec\",\"isPartOf\":{\"@id\":\"http:\\\/\\\/mastec.se\\\/#website\"},\"primaryImageOfPage\":{\"@id\":\"https:\\\/\\\/mastec.se\\\/pl\\\/?page_id=1532#primaryimage\"},\"image\":{\"@id\":\"https:\\\/\\\/mastec.se\\\/pl\\\/?page_id=1532#primaryimage\"},\"thumbnailUrl\":\"http:\\\/\\\/mastec.se\\\/app\\\/uploads\\\/2026\\\/03\\\/IMG_7579.webp\",\"datePublished\":\"2026-03-12T07:35:06+00:00\",\"dateModified\":\"2026-05-07T08:29:17+00:00\",\"breadcrumb\":{\"@id\":\"https:\\\/\\\/mastec.se\\\/pl\\\/?page_id=1532#breadcrumb\"},\"inLanguage\":\"pl-PL\",\"potentialAction\":[{\"@type\":\"ReadAction\",\"target\":[\"https:\\\/\\\/mastec.se\\\/pl\\\/?page_id=1532\"]}]},{\"@type\":\"ImageObject\",\"inLanguage\":\"pl-PL\",\"@id\":\"https:\\\/\\\/mastec.se\\\/pl\\\/?page_id=1532#primaryimage\",\"url\":\"http:\\\/\\\/mastec.se\\\/app\\\/uploads\\\/2026\\\/03\\\/IMG_7579.webp\",\"contentUrl\":\"http:\\\/\\\/mastec.se\\\/app\\\/uploads\\\/2026\\\/03\\\/IMG_7579.webp\",\"width\":2477,\"height\":1653},{\"@type\":\"BreadcrumbList\",\"@id\":\"https:\\\/\\\/mastec.se\\\/pl\\\/?page_id=1532#breadcrumb\",\"itemListElement\":[{\"@type\":\"ListItem\",\"position\":1,\"name\":\"Home\",\"item\":\"https:\\\/\\\/mastec.se\\\/pl\\\/?page_id=1625\"},{\"@type\":\"ListItem\",\"position\":2,\"name\":\"Kariera\"}]},{\"@type\":\"WebSite\",\"@id\":\"http:\\\/\\\/mastec.se\\\/#website\",\"url\":\"http:\\\/\\\/mastec.se\\\/\",\"name\":\"Mastec\",\"description\":\"\",\"publisher\":{\"@id\":\"http:\\\/\\\/mastec.se\\\/#organization\"},\"potentialAction\":[{\"@type\":\"SearchAction\",\"target\":{\"@type\":\"EntryPoint\",\"urlTemplate\":\"http:\\\/\\\/mastec.se\\\/?s={search_term_string}\"},\"query-input\":{\"@type\":\"PropertyValueSpecification\",\"valueRequired\":true,\"valueName\":\"search_term_string\"}}],\"inLanguage\":\"pl-PL\"},{\"@type\":\"Organization\",\"@id\":\"http:\\\/\\\/mastec.se\\\/#organization\",\"name\":\"Mastec\",\"url\":\"http:\\\/\\\/mastec.se\\\/\",\"logo\":{\"@type\":\"ImageObject\",\"inLanguage\":\"pl-PL\",\"@id\":\"http:\\\/\\\/mastec.se\\\/#\\\/schema\\\/logo\\\/image\\\/\",\"url\":\"http:\\\/\\\/mastec.se\\\/app\\\/uploads\\\/2026\\\/03\\\/White.svg\",\"contentUrl\":\"http:\\\/\\\/mastec.se\\\/app\\\/uploads\\\/2026\\\/03\\\/White.svg\",\"width\":299,\"height\":56,\"caption\":\"Mastec\"},\"image\":{\"@id\":\"http:\\\/\\\/mastec.se\\\/#\\\/schema\\\/logo\\\/image\\\/\"}}]}<\/script>\n<!-- \/ Yoast SEO plugin. -->","yoast_head_json":{"title":"Kariera - Mastec","robots":{"index":"index","follow":"follow","max-snippet":"max-snippet:-1","max-image-preview":"max-image-preview:large","max-video-preview":"max-video-preview:-1"},"canonical":"https:\/\/mastec.se\/pl\/?page_id=1532","og_locale":"pl_PL","og_type":"article","og_title":"Kariera - Mastec","og_description":"Chcesz wsp\u00f3\u0142tworzy\u0107 przysz\u0142o\u015b\u0107 produkcji? W Mastec staniesz si\u0119 cz\u0119\u015bci\u0105 innowacyjnej grupy przemys\u0142owej, gdzie rozw\u00f3j, technologia i wsp\u00f3\u0142praca s\u0105 w centrum uwagi. Zawsze d\u0105\u017cymy do tego, aby to, co robimy, robi\u0107 w najlepszy mo\u017cliwy spos\u00f3b \u2013 i robimy to razem. U nas masz mo\u017cliwo\u015b\u0107 rozwoju, wp\u0142ywania i wnoszenia wk\u0142adu w \u015brodowisku, gdzie zaanga\u017cowanie i kompetencje naprawd\u0119 robi\u0105 r\u00f3\u017cnic\u0119.","og_url":"https:\/\/mastec.se\/pl\/?page_id=1532","og_site_name":"Mastec","article_modified_time":"2026-05-07T08:29:17+00:00","og_image":[{"width":2477,"height":1653,"url":"https:\/\/mastec.se\/app\/uploads\/2026\/03\/IMG_7579.webp","type":"image\/jpeg"}],"twitter_card":"summary_large_image","twitter_misc":{"Est. reading time":"2 minutes"},"schema":{"@context":"https:\/\/schema.org","@graph":[{"@type":"WebPage","@id":"https:\/\/mastec.se\/pl\/?page_id=1532","url":"https:\/\/mastec.se\/pl\/?page_id=1532","name":"Kariera - Mastec","isPartOf":{"@id":"http:\/\/mastec.se\/#website"},"primaryImageOfPage":{"@id":"https:\/\/mastec.se\/pl\/?page_id=1532#primaryimage"},"image":{"@id":"https:\/\/mastec.se\/pl\/?page_id=1532#primaryimage"},"thumbnailUrl":"http:\/\/mastec.se\/app\/uploads\/2026\/03\/IMG_7579.webp","datePublished":"2026-03-12T07:35:06+00:00","dateModified":"2026-05-07T08:29:17+00:00","breadcrumb":{"@id":"https:\/\/mastec.se\/pl\/?page_id=1532#breadcrumb"},"inLanguage":"pl-PL","potentialAction":[{"@type":"ReadAction","target":["https:\/\/mastec.se\/pl\/?page_id=1532"]}]},{"@type":"ImageObject","inLanguage":"pl-PL","@id":"https:\/\/mastec.se\/pl\/?page_id=1532#primaryimage","url":"http:\/\/mastec.se\/app\/uploads\/2026\/03\/IMG_7579.webp","contentUrl":"http:\/\/mastec.se\/app\/uploads\/2026\/03\/IMG_7579.webp","width":2477,"height":1653},{"@type":"BreadcrumbList","@id":"https:\/\/mastec.se\/pl\/?page_id=1532#breadcrumb","itemListElement":[{"@type":"ListItem","position":1,"name":"Home","item":"https:\/\/mastec.se\/pl\/?page_id=1625"},{"@type":"ListItem","position":2,"name":"Kariera"}]},{"@type":"WebSite","@id":"http:\/\/mastec.se\/#website","url":"http:\/\/mastec.se\/","name":"Mastec","description":"","publisher":{"@id":"http:\/\/mastec.se\/#organization"},"potentialAction":[{"@type":"SearchAction","target":{"@type":"EntryPoint","urlTemplate":"http:\/\/mastec.se\/?s={search_term_string}"},"query-input":{"@type":"PropertyValueSpecification","valueRequired":true,"valueName":"search_term_string"}}],"inLanguage":"pl-PL"},{"@type":"Organization","@id":"http:\/\/mastec.se\/#organization","name":"Mastec","url":"http:\/\/mastec.se\/","logo":{"@type":"ImageObject","inLanguage":"pl-PL","@id":"http:\/\/mastec.se\/#\/schema\/logo\/image\/","url":"http:\/\/mastec.se\/app\/uploads\/2026\/03\/White.svg","contentUrl":"http:\/\/mastec.se\/app\/uploads\/2026\/03\/White.svg","width":299,"height":56,"caption":"Mastec"},"image":{"@id":"http:\/\/mastec.se\/#\/schema\/logo\/image\/"}}]}},"_links":{"self":[{"href":"http:\/\/mastec.se\/pl\/wp-json\/wp\/v2\/pages\/1532","targetHints":{"allow":["GET"]}}],"collection":[{"href":"http:\/\/mastec.se\/pl\/wp-json\/wp\/v2\/pages"}],"about":[{"href":"http:\/\/mastec.se\/pl\/wp-json\/wp\/v2\/types\/page"}],"author":[{"embeddable":true,"href":"http:\/\/mastec.se\/pl\/wp-json\/wp\/v2\/users\/1"}],"replies":[{"embeddable":true,"href":"http:\/\/mastec.se\/pl\/wp-json\/wp\/v2\/comments?post=1532"}],"version-history":[{"count":2,"href":"http:\/\/mastec.se\/pl\/wp-json\/wp\/v2\/pages\/1532\/revisions"}],"predecessor-version":[{"id":1538,"href":"http:\/\/mastec.se\/pl\/wp-json\/wp\/v2\/pages\/1532\/revisions\/1538"}],"wp:featuredmedia":[{"embeddable":true,"href":"http:\/\/mastec.se\/pl\/wp-json\/wp\/v2\/media\/1536"}],"wp:attachment":[{"href":"http:\/\/mastec.se\/pl\/wp-json\/wp\/v2\/media?parent=1532"}],"curies":[{"name":"wp","href":"https:\/\/api.w.org\/{rel}","templated":true}]}}