{"id":1554,"date":"2026-03-09T15:02:17","date_gmt":"2026-03-09T14:02:17","guid":{"rendered":"https:\/\/mastec.se\/polityka-prywatnosci\/"},"modified":"2026-05-07T10:29:11","modified_gmt":"2026-05-07T08:29:11","slug":"polityka-prywatnosci","status":"publish","type":"page","link":"http:\/\/mastec.se\/pl\/polityka-prywatnosci\/","title":{"rendered":"Polityka prywatno\u015bci"},"content":{"rendered":"\n<div class=\"hero-block wp-block-mastec-hero\" data-rotation-speed=\"3000\">\n    <div class=\"hero-block-media\">\n                \n        <!-- Overlay -->\n        <div class=\"hero-overlay\"><\/div>\n    <\/div>\n    \n    <!-- Inneh\u00e5ll via InnerBlocks -->\n    <div class=\"hero-content\">\n            <div class=\"acf-innerblocks-container\">\n\n<h1 class=\"wp-block-heading has-palette-color-1-color has-text-color has-link-color wp-elements-66ade15924a0eca9d430a23321f31bdb\">Polityka prywatno\u015bci<\/h1>\n\n<\/div>    <\/div>\n<\/div>\n\n\n<div style=\"height:60px\" aria-hidden=\"true\" class=\"wp-block-spacer\"><\/div>\n\n<div class=\"wp-block-columns alignwide mid-section is-layout-flex wp-container-core-columns-is-layout-28f84493 wp-block-columns-is-layout-flex\">\n<div class=\"wp-block-column mid-section is-layout-flow wp-block-column-is-layout-flow\">\n<h2 class=\"wp-block-heading\">Jak przetwarzamy Twoje dane osobowe<\/h2>\n\n\n\n<h3 class=\"wp-block-heading\">1. <strong>Cel<\/strong><\/h3>\n\n\n\n<p>Celem niniejszej polityki jest poinformowanie Ciebie, jako osoby kontaktuj\u0105cej si\u0119 z Mastec, o tym, jak przetwarzamy dane osobowe.<\/p>\n\n\n\n<h3 class=\"wp-block-heading\">2. Zakres zastosowania<\/h3>\n\n\n\n<p>Mastec AB i jej sp\u00f3\u0142ki zale\u017cne (w polityce zwane Mastec)<\/p>\n\n\n\n<p>Administratorem danych osobowych w zakresie przetwarzania Twoich danych osobowych jest odpowiednia sp\u00f3\u0142ka:<\/p>\n\n\n\n<h4 class=\"wp-block-heading\">Mastec AB<\/h4>\n\n\n\n<p>Numer organizacji: 556191-2568<br\/>Adres: Datorgatan 4, 56133 Huskvarna<\/p>\n\n\n\n<h4 class=\"wp-block-heading\">Mastec CCTech AB<\/h4>\n\n\n\n<p>Numer organizacji: 556545-9210<br\/>Adres: Industriv\u00e4gen 20, 52390 Ulricehamn<\/p>\n\n\n\n<h4 class=\"wp-block-heading\">Mastec Components AB<\/h4>\n\n\n\n<p>Numer organizacji: 559304-8977<br\/>Adres: Ulricehamnsv\u00e4gen 25, 51460 Dalstorp<\/p>\n\n\n\n<h4 class=\"wp-block-heading\">Mastec Plastema AB<\/h4>\n\n\n\n<p>Numer organizacji: 556238-4148<br\/>Adres: Harsbygatan 9, 61431 S\u00f6derk\u00f6ping<\/p>\n\n\n\n<h4 class=\"wp-block-heading\">Mastec Precision AB<\/h4>\n\n\n\n<p>Numer organizacji: 556511-8139<br\/>Adres: Industriv\u00e4gen 20, 52390 Ulricehamn<\/p>\n\n\n\n<h4 class=\"wp-block-heading\">Mastec Solution AB<\/h4>\n\n\n\n<p>Numer organizacji: 559283-0987<br\/>Adres: Karlav\u00e4gen 36, 56730 Vaggeryd<\/p>\n\n\n\n<h3 class=\"wp-block-heading\">3. Definicje<\/h3>\n\n\n\n<p><strong>Dane osobowe:<\/strong> Wszelkie informacje dotycz\u0105ce zidentyfikowanej lub mo\u017cliwej do zidentyfikowania osoby fizycznej. Kilka przyk\u0142ad\u00f3w danych osobowych to: <\/p>\n\n\n\n<ul class=\"wp-block-list\">\n<li>Imi\u0119 i nazwisko<\/li>\n\n\n\n<li>Adres<\/li>\n\n\n\n<li>Numer PESEL<\/li>\n\n\n\n<li>Zdj\u0119cia<\/li>\n\n\n\n<li>Adresy IP<\/li>\n\n\n\n<li>Adresy IP<\/li>\n<\/ul>\n\n\n\n<p><strong>Przetwarzanie:<\/strong> Oznacza operacj\u0119 lub zestaw operacji wykonywanych na danych osobowych lub zestawach danych osobowych. Niezale\u017cnie od tego, czy s\u0105 one wykonywane w spos\u00f3b zautomatyzowany, czy nie. Mo\u017ce to obejmowa\u0107 zbieranie, rejestrowanie, organizowanie, przechowywanie, adaptowanie lub modyfikowanie, pobieranie, przegl\u0105danie, wykorzystywanie, ujawnianie poprzez przes\u0142anie, rozpowszechnianie lub udost\u0119pnianie w inny spos\u00f3b, ograniczanie, usuwanie lub niszczenie danych.  <\/p>\n\n\n\n<h3 class=\"wp-block-heading\">4. Kategorie danych osobowych<\/h3>\n\n\n\n<p>Mastec mo\u017ce gromadzi\u0107 nast\u0119puj\u0105ce kategorie danych osobowych:<\/p>\n\n\n\n<ol class=\"wp-block-list\">\n<li>Dane dotycz\u0105ce stanu cywilnego i to\u017csamo\u015bci, w tym imi\u0119 i nazwisko, adres zamieszkania, osobiste numery telefon\u00f3w, zezwolenia na pobyt, zezwolenia na prac\u0119 itp.<\/li>\n\n\n\n<li>Dane dotycz\u0105ce kwalifikacji: CV, informacje o wykszta\u0142ceniu, do\u015bwiadczeniu zawodowym, wyr\u00f3\u017cnieniach, dyplomach, certyfikatach, znajomo\u015bci j\u0119zyk\u00f3w itp.<\/li>\n<\/ol>\n\n\n\n<p>Mastec mo\u017ce gromadzi\u0107 dane osobowe w nast\u0119puj\u0105cych okoliczno\u015bciach:<\/p>\n\n\n\n<ol class=\"wp-block-list\">\n<li>G\u0142\u00f3wnie poprzez bezpo\u015brednie zbieranie danych osobowych, na przyk\u0142ad w zwi\u0105zku z rozpatrywaniem wniosku.<\/li>\n\n\n\n<li>Ponadto dane osobowe mog\u0105 by\u0107 r\u00f3wnie\u017c zbierane w zwi\u0105zku z wykonywaniem obowi\u0105zk\u00f3w s\u0142u\u017cbowych lub w interakcji z obecnymi lub potencjalnymi klientami, dostawcami, podwykonawcami i organami publicznymi.<\/li>\n<\/ol>\n\n\n\n<h3 class=\"wp-block-heading\">5. Przetwarzanie danych osobowych \u2013 cele<\/h3>\n\n\n\n<p>Mastec mo\u017ce przetwarza\u0107 dane osobowe w nast\u0119puj\u0105cych celach: Kontaktujesz si\u0119 z nami (np. w ramach relacji biznesowych, rejestrujesz si\u0119 na nasze seminarium, ubiegasz si\u0119 o prac\u0119 itp.), a my zbieramy Twoje dane osobowe.<\/p>\n\n\n\n<h3 class=\"wp-block-heading\">6. Podstawa prawna przetwarzania danych osobowych<\/h3>\n\n\n\n<p>Mastec przetwarza dane osobowe zgodnie z nast\u0119puj\u0105cymi podstawami prawnymi:<\/p>\n\n\n\n<ul class=\"wp-block-list\">\n<li>Spe\u0142nienie wymog\u00f3w prawnych lub \u017c\u0105da\u0144 organ\u00f3w prawnych<\/li>\n\n\n\n<li>Dostarczanie produkt\u00f3w i us\u0142ug oraz informowanie o nowych produktach, us\u0142ugach i wydarzeniach<\/li>\n\n\n\n<li>Ocena i ulepszanie naszej oferty oraz komunikacji z klientami<\/li>\n\n\n\n<li>Przetwarzanie danych w celach reklamowych<\/li>\n\n\n\n<li>Statystyki<\/li>\n\n\n\n<li>Przetwarzanie danych osobowych z uwagi na obowi\u0105zek prawny<\/li>\n\n\n\n<li>Przetwarzanie danych osobowych jest r\u00f3wnie\u017c dozwolone, je\u015bli ustawodawstwo krajowe tego wymaga, \u017c\u0105da lub zezwala. Rodzaj i zakres przetwarzania musz\u0105 by\u0107 niezb\u0119dne do prawnie dozwolonej dzia\u0142alno\u015bci przetwarzania danych i musz\u0105 by\u0107 zgodne z obowi\u0105zuj\u0105cymi przepisami prawa. \n<ul class=\"wp-block-list\">\n<li>Uzasadniony interes, r\u00f3wnowa\u017cenie interes\u00f3w.<\/li>\n\n\n\n<li>W celu wype\u0142nienia obowi\u0105zk\u00f3w prawnych i ustawowych Mastec, takich jak obowi\u0105zki wobec organ\u00f3w w\u0142adzy.<\/li>\n\n\n\n<li>Cele administracyjne i wewn\u0119trzne cele biznesowe<\/li>\n\n\n\n<li>Rozw\u00f3j naszej dzia\u0142alno\u015bci i naszych us\u0142ug<\/li>\n<\/ul>\n<\/li>\n<\/ul>\n\n\n\n<h3 class=\"wp-block-heading\">7. Kategoryzacja odbiorc\u00f3w danych<\/h3>\n\n\n\n<p>W Mastec dost\u0119p do Twoich danych osobowych jest ograniczony do os\u00f3b, kt\u00f3rych obowi\u0105zki s\u0142u\u017cbowe wymagaj\u0105 posiadania wiedzy o nich w zwi\u0105zku z celami przetwarzania okre\u015blonymi powy\u017cej i\/lub je\u015bli dost\u0119p jest wymagany na podstawie prawnej lub ustawowej.<\/p>\n\n\n\n<h3 class=\"wp-block-heading\">8. Bezpiecze\u0144stwo danych<\/h3>\n\n\n\n<p>Utrzymujemy odpowiednie techniczne i organizacyjne \u015brodki bezpiecze\u0144stwa w celu ochrony danych osobowych przed zniszczeniem, utrat\u0105, zmian\u0105, nieuprawnionym ujawnieniem lub dost\u0119pem, przypadkowym lub niezgodnym z prawem.<\/p>\n\n\n\n<h3 class=\"wp-block-heading\">9. Przechowywanie danych<\/h3>\n\n\n\n<p>Dane osobowe s\u0105 przechowywane lub archiwizowane przez czas niezb\u0119dny do realizacji przetwarzania opisanego w niniejszej polityce i\/lub, w razie potrzeby, przez okres obowi\u0105zywania odpowiednich przepis\u00f3w prawa lub regulacji.<\/p>\n\n\n\n<h3 class=\"wp-block-heading\">10. Twoje prawa<\/h3>\n\n\n\n<ul class=\"wp-block-list\">\n<li>Prawo dost\u0119pu do danych: Masz prawo za\u017c\u0105da\u0107 kopii danych przetwarzanych przez Mastec i zweryfikowa\u0107 te informacje.<\/li>\n<\/ul>\n\n\n\n<ul class=\"wp-block-list\">\n<li>Prawo do sprostowania: Masz prawo do poprawienia nieprawid\u0142owych lub niekompletnych informacji.<\/li>\n<\/ul>\n\n\n\n<ul class=\"wp-block-list\">\n<li>Prawo do usuni\u0119cia (\u201eprawo do bycia zapomnianym\u201d): Masz prawo za\u017c\u0105da\u0107 usuni\u0119cia swoich danych osobowych w przypadku, gdy dane nie s\u0105 ju\u017c niezb\u0119dne do celu, w jakim zosta\u0142y zebrane. Mog\u0105 jednak istnie\u0107 obowi\u0105zki prawne, kt\u00f3re uniemo\u017cliwiaj\u0105 nam natychmiastowe usuni\u0119cie cz\u0119\u015bci danych. Obowi\u0105zki te mog\u0105 wynika\u0107 z przepis\u00f3w rachunkowych i podatkowych. W takim przypadku bezpiecznie przechowujemy dane, kt\u00f3re jeste\u015bmy zobowi\u0105zani zachowa\u0107, uniemo\u017cliwiaj\u0105c ich wykorzystanie do innych cel\u00f3w ni\u017c wype\u0142nienie takich obowi\u0105zk\u00f3w prawnych.   <\/li>\n<\/ul>\n\n\n\n<ul class=\"wp-block-list\">\n<li>Prawo do ograniczenia przetwarzania: W niekt\u00f3rych sytuacjach masz prawo \u017c\u0105da\u0107 ograniczenia przetwarzania Twoich danych osobowych. Ograniczenie w praktyce oznacza, \u017ce dane s\u0105 oznaczane w taki spos\u00f3b, aby w przysz\u0142o\u015bci mog\u0142y by\u0107 przetwarzane tylko w okre\u015blonych, ograniczonych celach. <\/li>\n<\/ul>\n\n\n\n<ul class=\"wp-block-list\">\n<li>Prawo do przenoszenia danych: Masz prawo, na \u017c\u0105danie, otrzyma\u0107 dane, kt\u00f3re s\u0105 zarejestrowane, w celu ich przeniesienia i ponownego wykorzystania u innej strony. Dotyczy to tylko sytuacji, gdy istnieje zgoda. <\/li>\n<\/ul>\n\n\n\n<ul class=\"wp-block-list\">\n<li>Prawo do sprzeciwu: W niekt\u00f3rych sytuacjach masz prawo wnie\u015b\u0107 sprzeciw wobec przetwarzania Twoich danych osobowych przez administratora danych.<\/li>\n<\/ul>\n\n\n\n<div style=\"height:60px\" aria-hidden=\"true\" class=\"wp-block-spacer\"><\/div>\n<\/div>\n<\/div>\n","protected":false},"excerpt":{"rendered":"<p>Jak przetwarzamy Twoje dane osobowe 1. Cel Celem niniejszej polityki jest poinformowanie Ciebie, jako osoby kontaktuj\u0105cej si\u0119 z Mastec, o tym, jak przetwarzamy dane osobowe. 2. Zakres zastosowania Mastec AB i jej sp\u00f3\u0142ki zale\u017cne (w polityce zwane Mastec) Administratorem danych osobowych w zakresie przetwarzania Twoich danych osobowych jest odpowiednia sp\u00f3\u0142ka: Mastec AB Numer organizacji: 556191-2568Adres: [&hellip;]<\/p>\n","protected":false},"author":1,"featured_media":0,"parent":0,"menu_order":0,"comment_status":"closed","ping_status":"open","template":"","meta":{"_acf_changed":false,"inline_featured_image":false,"footnotes":""},"class_list":["post-1554","page","type-page","status-publish","hentry"],"blocksy_meta":[],"acf":[],"yoast_head":"<!-- This site is optimized with the Yoast SEO plugin v27.5 - https:\/\/yoast.com\/product\/yoast-seo-wordpress\/ -->\n<title>Polityka prywatno\u015bci - Mastec<\/title>\n<meta name=\"robots\" content=\"index, follow, max-snippet:-1, max-image-preview:large, max-video-preview:-1\" \/>\n<link rel=\"canonical\" href=\"https:\/\/mastec.se\/pl\/?page_id=1554\" \/>\n<meta property=\"og:locale\" content=\"pl_PL\" \/>\n<meta property=\"og:type\" content=\"article\" \/>\n<meta property=\"og:title\" content=\"Polityka prywatno\u015bci - Mastec\" \/>\n<meta property=\"og:description\" content=\"Jak przetwarzamy Twoje dane osobowe 1. Cel Celem niniejszej polityki jest poinformowanie Ciebie, jako osoby kontaktuj\u0105cej si\u0119 z Mastec, o tym, jak przetwarzamy dane osobowe. 2. Zakres zastosowania Mastec AB i jej sp\u00f3\u0142ki zale\u017cne (w polityce zwane Mastec) Administratorem danych osobowych w zakresie przetwarzania Twoich danych osobowych jest odpowiednia sp\u00f3\u0142ka: Mastec AB Numer organizacji: 556191-2568Adres: [&hellip;]\" \/>\n<meta property=\"og:url\" content=\"https:\/\/mastec.se\/pl\/?page_id=1554\" \/>\n<meta property=\"og:site_name\" content=\"Mastec\" \/>\n<meta property=\"article:modified_time\" content=\"2026-05-07T08:29:11+00:00\" \/>\n<meta name=\"twitter:card\" content=\"summary_large_image\" \/>\n<meta name=\"twitter:label1\" content=\"Est. reading time\" \/>\n\t<meta name=\"twitter:data1\" content=\"4 minutes\" \/>\n<script type=\"application\/ld+json\" class=\"yoast-schema-graph\">{\"@context\":\"https:\\\/\\\/schema.org\",\"@graph\":[{\"@type\":\"WebPage\",\"@id\":\"https:\\\/\\\/mastec.se\\\/pl\\\/?page_id=1554\",\"url\":\"https:\\\/\\\/mastec.se\\\/pl\\\/?page_id=1554\",\"name\":\"Polityka prywatno\u015bci - Mastec\",\"isPartOf\":{\"@id\":\"http:\\\/\\\/mastec.se\\\/#website\"},\"datePublished\":\"2026-03-09T14:02:17+00:00\",\"dateModified\":\"2026-05-07T08:29:11+00:00\",\"breadcrumb\":{\"@id\":\"https:\\\/\\\/mastec.se\\\/pl\\\/?page_id=1554#breadcrumb\"},\"inLanguage\":\"pl-PL\",\"potentialAction\":[{\"@type\":\"ReadAction\",\"target\":[\"https:\\\/\\\/mastec.se\\\/pl\\\/?page_id=1554\"]}]},{\"@type\":\"BreadcrumbList\",\"@id\":\"https:\\\/\\\/mastec.se\\\/pl\\\/?page_id=1554#breadcrumb\",\"itemListElement\":[{\"@type\":\"ListItem\",\"position\":1,\"name\":\"Home\",\"item\":\"https:\\\/\\\/mastec.se\\\/pl\\\/?page_id=1625\"},{\"@type\":\"ListItem\",\"position\":2,\"name\":\"Polityka prywatno\u015bci\"}]},{\"@type\":\"WebSite\",\"@id\":\"http:\\\/\\\/mastec.se\\\/#website\",\"url\":\"http:\\\/\\\/mastec.se\\\/\",\"name\":\"Mastec\",\"description\":\"\",\"publisher\":{\"@id\":\"http:\\\/\\\/mastec.se\\\/#organization\"},\"potentialAction\":[{\"@type\":\"SearchAction\",\"target\":{\"@type\":\"EntryPoint\",\"urlTemplate\":\"http:\\\/\\\/mastec.se\\\/?s={search_term_string}\"},\"query-input\":{\"@type\":\"PropertyValueSpecification\",\"valueRequired\":true,\"valueName\":\"search_term_string\"}}],\"inLanguage\":\"pl-PL\"},{\"@type\":\"Organization\",\"@id\":\"http:\\\/\\\/mastec.se\\\/#organization\",\"name\":\"Mastec\",\"url\":\"http:\\\/\\\/mastec.se\\\/\",\"logo\":{\"@type\":\"ImageObject\",\"inLanguage\":\"pl-PL\",\"@id\":\"http:\\\/\\\/mastec.se\\\/#\\\/schema\\\/logo\\\/image\\\/\",\"url\":\"http:\\\/\\\/mastec.se\\\/app\\\/uploads\\\/2026\\\/03\\\/White.svg\",\"contentUrl\":\"http:\\\/\\\/mastec.se\\\/app\\\/uploads\\\/2026\\\/03\\\/White.svg\",\"width\":299,\"height\":56,\"caption\":\"Mastec\"},\"image\":{\"@id\":\"http:\\\/\\\/mastec.se\\\/#\\\/schema\\\/logo\\\/image\\\/\"}}]}<\/script>\n<!-- \/ Yoast SEO plugin. -->","yoast_head_json":{"title":"Polityka prywatno\u015bci - Mastec","robots":{"index":"index","follow":"follow","max-snippet":"max-snippet:-1","max-image-preview":"max-image-preview:large","max-video-preview":"max-video-preview:-1"},"canonical":"https:\/\/mastec.se\/pl\/?page_id=1554","og_locale":"pl_PL","og_type":"article","og_title":"Polityka prywatno\u015bci - Mastec","og_description":"Jak przetwarzamy Twoje dane osobowe 1. Cel Celem niniejszej polityki jest poinformowanie Ciebie, jako osoby kontaktuj\u0105cej si\u0119 z Mastec, o tym, jak przetwarzamy dane osobowe. 2. Zakres zastosowania Mastec AB i jej sp\u00f3\u0142ki zale\u017cne (w polityce zwane Mastec) Administratorem danych osobowych w zakresie przetwarzania Twoich danych osobowych jest odpowiednia sp\u00f3\u0142ka: Mastec AB Numer organizacji: 556191-2568Adres: [&hellip;]","og_url":"https:\/\/mastec.se\/pl\/?page_id=1554","og_site_name":"Mastec","article_modified_time":"2026-05-07T08:29:11+00:00","twitter_card":"summary_large_image","twitter_misc":{"Est. reading time":"4 minutes"},"schema":{"@context":"https:\/\/schema.org","@graph":[{"@type":"WebPage","@id":"https:\/\/mastec.se\/pl\/?page_id=1554","url":"https:\/\/mastec.se\/pl\/?page_id=1554","name":"Polityka prywatno\u015bci - Mastec","isPartOf":{"@id":"http:\/\/mastec.se\/#website"},"datePublished":"2026-03-09T14:02:17+00:00","dateModified":"2026-05-07T08:29:11+00:00","breadcrumb":{"@id":"https:\/\/mastec.se\/pl\/?page_id=1554#breadcrumb"},"inLanguage":"pl-PL","potentialAction":[{"@type":"ReadAction","target":["https:\/\/mastec.se\/pl\/?page_id=1554"]}]},{"@type":"BreadcrumbList","@id":"https:\/\/mastec.se\/pl\/?page_id=1554#breadcrumb","itemListElement":[{"@type":"ListItem","position":1,"name":"Home","item":"https:\/\/mastec.se\/pl\/?page_id=1625"},{"@type":"ListItem","position":2,"name":"Polityka prywatno\u015bci"}]},{"@type":"WebSite","@id":"http:\/\/mastec.se\/#website","url":"http:\/\/mastec.se\/","name":"Mastec","description":"","publisher":{"@id":"http:\/\/mastec.se\/#organization"},"potentialAction":[{"@type":"SearchAction","target":{"@type":"EntryPoint","urlTemplate":"http:\/\/mastec.se\/?s={search_term_string}"},"query-input":{"@type":"PropertyValueSpecification","valueRequired":true,"valueName":"search_term_string"}}],"inLanguage":"pl-PL"},{"@type":"Organization","@id":"http:\/\/mastec.se\/#organization","name":"Mastec","url":"http:\/\/mastec.se\/","logo":{"@type":"ImageObject","inLanguage":"pl-PL","@id":"http:\/\/mastec.se\/#\/schema\/logo\/image\/","url":"http:\/\/mastec.se\/app\/uploads\/2026\/03\/White.svg","contentUrl":"http:\/\/mastec.se\/app\/uploads\/2026\/03\/White.svg","width":299,"height":56,"caption":"Mastec"},"image":{"@id":"http:\/\/mastec.se\/#\/schema\/logo\/image\/"}}]}},"_links":{"self":[{"href":"http:\/\/mastec.se\/pl\/wp-json\/wp\/v2\/pages\/1554","targetHints":{"allow":["GET"]}}],"collection":[{"href":"http:\/\/mastec.se\/pl\/wp-json\/wp\/v2\/pages"}],"about":[{"href":"http:\/\/mastec.se\/pl\/wp-json\/wp\/v2\/types\/page"}],"author":[{"embeddable":true,"href":"http:\/\/mastec.se\/pl\/wp-json\/wp\/v2\/users\/1"}],"replies":[{"embeddable":true,"href":"http:\/\/mastec.se\/pl\/wp-json\/wp\/v2\/comments?post=1554"}],"version-history":[{"count":2,"href":"http:\/\/mastec.se\/pl\/wp-json\/wp\/v2\/pages\/1554\/revisions"}],"predecessor-version":[{"id":1557,"href":"http:\/\/mastec.se\/pl\/wp-json\/wp\/v2\/pages\/1554\/revisions\/1557"}],"wp:attachment":[{"href":"http:\/\/mastec.se\/pl\/wp-json\/wp\/v2\/media?parent=1554"}],"curies":[{"name":"wp","href":"https:\/\/api.w.org\/{rel}","templated":true}]}}