{"id":1616,"date":"2026-03-23T15:46:23","date_gmt":"2026-03-23T14:46:23","guid":{"rendered":"https:\/\/mastec.se\/o-nas\/"},"modified":"2026-05-07T10:30:54","modified_gmt":"2026-05-07T08:30:54","slug":"o-nas","status":"publish","type":"page","link":"http:\/\/mastec.se\/pl\/o-nas\/","title":{"rendered":"O nas"},"content":{"rendered":"\n<div class=\"hero-block wp-block-mastec-hero\" data-rotation-speed=\"3000\">\n    <div class=\"hero-block-media\">\n                \n        <!-- Overlay -->\n        <div class=\"hero-overlay\"><\/div>\n    <\/div>\n    \n    <!-- Inneh\u00e5ll via InnerBlocks -->\n    <div class=\"hero-content\">\n            <div class=\"acf-innerblocks-container\">\n\n<h1 class=\"wp-block-heading has-palette-color-1-color has-text-color has-link-color wp-elements-d63040903e28641ecdf10dc34ce40bd3\">O nas<\/h1>\n\n\n\n<p>Mastec to dynamiczny i zorientowany na przysz\u0142o\u015b\u0107 koncern przemys\u0142owy oferuj\u0105cy szeroki zakres us\u0142ug w zakresie obr\u00f3bki, formowania wtryskowego, monta\u017cu, obr\u00f3bki blach, ci\u0119\u017cszych prac spawalniczych i obr\u00f3bki powierzchni. Zr\u00f3wnowa\u017cony rozw\u00f3j stanowi centraln\u0105 cz\u0119\u015b\u0107 naszej dzia\u0142alno\u015bci i oznacza dla nas zar\u00f3wno odpowiedzialn\u0105 produkcj\u0119, jak i d\u0142ugoterminowe rozwi\u0105zania dla klient\u00f3w.  <\/p>\n\n<\/div>    <\/div>\n<\/div>\n\n\n<div style=\"height:60px\" aria-hidden=\"true\" class=\"wp-block-spacer\"><\/div>\n\n<div class=\"wp-block-columns alignwide is-layout-flex wp-container-core-columns-is-layout-28f84493 wp-block-columns-is-layout-flex\">\n<div class=\"wp-block-column mid-section is-layout-flow wp-block-column-is-layout-flow\">\n<h2 class=\"wp-block-heading\">Bezpieczne i rozwijaj\u0105ce \u015brodowisko pracy<\/h2>\n\n\n\n<p>Tworzenie bezpiecznego i rozwijaj\u0105cego \u015brodowiska pracy to oczywista cz\u0119\u015b\u0107 naszej dzia\u0142alno\u015bci, podobnie jak przyczynianie si\u0119 do zr\u00f3wnowa\u017conej sytuacji \u017cyciowej naszych pracownik\u00f3w w d\u0142u\u017cszej perspektywie. Jeste\u015bmy zespo\u0142em, w kt\u00f3rym kompetencje i zaanga\u017cowanie ka\u017cdej osoby stanowi\u0105 wa\u017cny element naszego wsp\u00f3lnego celu, jakim jest zaspokajanie potrzeb naszych klient\u00f3w w spos\u00f3b zr\u00f3wnowa\u017cony. Tutaj mo\u017cesz przeczyta\u0107 wi\u0119cej o naszych warto\u015bciach i naszej historii.  <\/p>\n<\/div>\n<\/div>\n\n<div style=\"height:40px\" aria-hidden=\"true\" class=\"wp-block-spacer\"><\/div>\n\n<div class=\"wp-block-group alignwide mastec-quote is-vertical is-content-justification-left is-layout-flex wp-container-core-group-is-layout-3ab9b642 wp-block-group-is-layout-flex\" style=\"min-height:0px;margin-top:0;margin-bottom:0;padding-top:0;padding-right:0;padding-bottom:0;padding-left:0\">\n<blockquote class=\"wp-block-quote alignwide has-palette-color-6-background-color has-background is-layout-flow wp-container-core-quote-is-layout-b4f1a41c wp-block-quote-is-layout-flow\" style=\"border-top-left-radius:10px;border-top-right-radius:10px;border-bottom-left-radius:10px;border-bottom-right-radius:10px;margin-top:0;margin-bottom:0;padding-top:var(--wp--preset--spacing--60);padding-right:var(--wp--preset--spacing--40);padding-bottom:var(--wp--preset--spacing--60);padding-left:var(--wp--preset--spacing--40)\">\n<p class=\"has-text-align-left\">\u201eDzia\u0142aj\u0105c zgodnie z naszymi warto\u015bciami, tworzymy kultur\u0119, kt\u00f3ra sprzyja wszystkim. Nasze warto\u015bci obowi\u0105zuj\u0105 we wszystkich naszych relacjach, zar\u00f3wno wewn\u0119trznych, jak i zewn\u0119trznych. Liderzy musz\u0105 stworzy\u0107 warunki, a wszyscy musz\u0105 przestrzega\u0107 naszych warto\u015bci. Wszyscy ponosimy wsp\u00f3ln\u0105 odpowiedzialno\u015b\u0107 za podtrzymywanie naszych warto\u015bci. Nasze warto\u015bci s\u0105 niezmienne w czasie.\u201d<\/p>\n\n\n\n<p><strong><em>Henrik Carlsson, Prezes Koncernu<\/em><\/strong><\/p>\n<\/blockquote>\n\n\n\n<div style=\"height:0px;width:0px\" aria-hidden=\"true\" class=\"wp-block-spacer wp-container-content-28f0cd9b\"><\/div>\n<\/div>\n\n<h2 class=\"wp-block-heading alignwide\">Nasze warto\u015bci<\/h2>\n\n<div class=\"wp-block-group alignwide is-layout-grid wp-container-core-group-is-layout-0d42194f wp-block-group-is-layout-grid\">\n<div class=\"wp-block-columns is-layout-flex wp-container-core-columns-is-layout-a5331a9e wp-block-columns-is-layout-flex\" style=\"border-top-left-radius:10px;border-top-right-radius:10px;border-bottom-left-radius:10px;border-bottom-right-radius:10px;padding-top:0;padding-right:0;padding-bottom:0;padding-left:0\">\n<div class=\"wp-block-column has-white-background-color has-background is-layout-flow wp-block-column-is-layout-flow\" style=\"border-top-left-radius:10px;border-top-right-radius:10px;border-bottom-left-radius:10px;border-bottom-right-radius:10px;padding-top:var(--wp--preset--spacing--30);padding-right:var(--wp--preset--spacing--30);padding-bottom:var(--wp--preset--spacing--30);padding-left:var(--wp--preset--spacing--30)\">\n<figure class=\"wp-block-image size-large has-custom-border\"><img data-dominant-color=\"9e98a1\" data-has-transparency=\"false\" loading=\"lazy\" decoding=\"async\" width=\"1024\" height=\"728\" sizes=\"auto, (max-width: 1024px) 100vw, 1024px\" src=\"https:\/\/mastec.se\/app\/uploads\/2026\/04\/IMG_8368-1024x728.webp\" alt=\"\" class=\"wp-image-933 not-transparent\" style=\"--dominant-color: #9e98a1; border-top-left-radius:10px;border-top-right-radius:10px;border-bottom-left-radius:10px;border-bottom-right-radius:10px\" srcset=\"http:\/\/mastec.se\/app\/uploads\/2026\/04\/IMG_8368-1024x728.webp 1024w, http:\/\/mastec.se\/app\/uploads\/2026\/04\/IMG_8368-300x213.webp 300w, http:\/\/mastec.se\/app\/uploads\/2026\/04\/IMG_8368-768x546.webp 768w, http:\/\/mastec.se\/app\/uploads\/2026\/04\/IMG_8368-1536x1091.webp 1536w, http:\/\/mastec.se\/app\/uploads\/2026\/04\/IMG_8368.webp 1700w\" \/><\/figure>\n\n\n\n<div class=\"wp-block-group is-layout-constrained wp-container-core-group-is-layout-c385debf wp-block-group-is-layout-constrained\" style=\"padding-top:var(--wp--preset--spacing--20);padding-right:var(--wp--preset--spacing--20);padding-bottom:var(--wp--preset--spacing--20);padding-left:var(--wp--preset--spacing--20)\">\n<h3 class=\"wp-block-heading has-text-align-left has-palette-color-4-color has-text-color has-link-color wp-elements-407bce3d4dfe8b97c71f04166c0bd0ea\">Pasja<\/h3>\n\n\n\n<p><strong>Dla nas w Mastec oznacza to:<\/strong><\/p>\n\n\n\n<ul class=\"wp-block-list\">\n<li>Dawanie z siebie wszystkiego w ka\u017cdym zadaniu i sytuacji<\/li>\n\n\n\n<li>Pozwalamy sobie nawzajem rzuca\u0107 wyzwania<\/li>\n\n\n\n<li>Bycie pozytywnym i okazywanie zaanga\u017cowania<\/li>\n\n\n\n<li>Ch\u0119\u0107 rozwoju<\/li>\n\n\n\n<li>Bycie zaanga\u017cowanym<\/li>\n<\/ul>\n<\/div>\n<\/div>\n<\/div>\n\n\n\n<div class=\"wp-block-columns is-layout-flex wp-container-core-columns-is-layout-28f84493 wp-block-columns-is-layout-flex\" style=\"border-top-left-radius:10px;border-top-right-radius:10px;border-bottom-left-radius:10px;border-bottom-right-radius:10px\">\n<div class=\"wp-block-column has-white-background-color has-background is-layout-flow wp-block-column-is-layout-flow\" style=\"border-top-left-radius:10px;border-top-right-radius:10px;border-bottom-left-radius:10px;border-bottom-right-radius:10px;padding-top:var(--wp--preset--spacing--30);padding-right:var(--wp--preset--spacing--30);padding-bottom:var(--wp--preset--spacing--30);padding-left:var(--wp--preset--spacing--30)\">\n<figure class=\"wp-block-image size-large has-custom-border\"><img data-dominant-color=\"6b7a8c\" data-has-transparency=\"false\" loading=\"lazy\" decoding=\"async\" width=\"1024\" height=\"731\" sizes=\"auto, (max-width: 1024px) 100vw, 1024px\" src=\"https:\/\/mastec.se\/app\/uploads\/2026\/04\/IMG_7662-1024x731.webp\" alt=\"\" class=\"wp-image-932 not-transparent\" style=\"--dominant-color: #6b7a8c; border-top-left-radius:10px;border-top-right-radius:10px;border-bottom-left-radius:10px;border-bottom-right-radius:10px;object-fit:cover\" srcset=\"http:\/\/mastec.se\/app\/uploads\/2026\/04\/IMG_7662-1024x731.webp 1024w, http:\/\/mastec.se\/app\/uploads\/2026\/04\/IMG_7662-300x214.webp 300w, http:\/\/mastec.se\/app\/uploads\/2026\/04\/IMG_7662-768x548.webp 768w, http:\/\/mastec.se\/app\/uploads\/2026\/04\/IMG_7662-1536x1097.webp 1536w, http:\/\/mastec.se\/app\/uploads\/2026\/04\/IMG_7662.webp 1700w\" \/><\/figure>\n\n\n\n<div class=\"wp-block-group is-layout-constrained wp-container-core-group-is-layout-c385debf wp-block-group-is-layout-constrained\" style=\"padding-top:var(--wp--preset--spacing--20);padding-right:var(--wp--preset--spacing--20);padding-bottom:var(--wp--preset--spacing--20);padding-left:var(--wp--preset--spacing--20)\">\n<h3 class=\"wp-block-heading has-text-align-left has-palette-color-4-color has-text-color has-link-color wp-elements-a054496739d90a62079daf37aceee71c\">Szacunek<\/h3>\n\n\n\n<p><strong>Dla nas w Mastec oznacza to:<\/strong><\/p>\n\n\n\n<ul class=\"wp-block-list\">\n<li>Dotrzymywanie naszych ustale\u0144 i szanowanie czasu innych <\/li>\n\n\n\n<li>Okazywanie troski i otwarto\u015b\u0107 w komunikacji <\/li>\n\n\n\n<li>Tworzenie przyjemnego \u015brodowiska pracy poprzez bycie mi\u0142ym i wspieraj\u0105cym <\/li>\n\n\n\n<li>Branie odpowiedzialno\u015bci za swoje dzia\u0142ania i wykonywan\u0105 prac\u0119 <\/li>\n\n\n\n<li>Szanowanie r\u00f3\u017cnic i otwarto\u015b\u0107 na wszystkie opinie i perspektywy <\/li>\n<\/ul>\n<\/div>\n<\/div>\n<\/div>\n\n\n\n<div class=\"wp-block-columns has-white-background-color has-background is-layout-flex wp-container-core-columns-is-layout-20bb992b wp-block-columns-is-layout-flex\" style=\"border-top-left-radius:10px;border-top-right-radius:10px;border-bottom-left-radius:10px;border-bottom-right-radius:10px;margin-top:0;margin-bottom:0;padding-top:0;padding-right:0;padding-bottom:0;padding-left:0\">\n<div class=\"wp-block-column is-layout-flow wp-block-column-is-layout-flow\" style=\"border-top-left-radius:10px;border-top-right-radius:10px;border-bottom-left-radius:10px;border-bottom-right-radius:10px;padding-top:var(--wp--preset--spacing--30);padding-right:var(--wp--preset--spacing--30);padding-bottom:var(--wp--preset--spacing--30);padding-left:var(--wp--preset--spacing--30)\">\n<figure class=\"wp-block-image size-large has-custom-border is-style-default\"><img data-dominant-color=\"717570\" data-has-transparency=\"false\" loading=\"lazy\" decoding=\"async\" width=\"1024\" height=\"731\" sizes=\"auto, (max-width: 1024px) 100vw, 1024px\" src=\"https:\/\/mastec.se\/app\/uploads\/2026\/04\/IMG_9473-1-1024x731.webp\" alt=\"\" class=\"wp-image-930 not-transparent\" style=\"--dominant-color: #717570; border-top-left-radius:10px;border-top-right-radius:10px;border-bottom-left-radius:10px;border-bottom-right-radius:10px\" srcset=\"http:\/\/mastec.se\/app\/uploads\/2026\/04\/IMG_9473-1-1024x731.webp 1024w, http:\/\/mastec.se\/app\/uploads\/2026\/04\/IMG_9473-1-300x214.webp 300w, http:\/\/mastec.se\/app\/uploads\/2026\/04\/IMG_9473-1-768x548.webp 768w, http:\/\/mastec.se\/app\/uploads\/2026\/04\/IMG_9473-1-1536x1097.webp 1536w, http:\/\/mastec.se\/app\/uploads\/2026\/04\/IMG_9473-1-2048x1462.webp 2048w\" \/><\/figure>\n\n\n\n<div class=\"wp-block-group is-layout-constrained wp-container-core-group-is-layout-c385debf wp-block-group-is-layout-constrained\" style=\"padding-top:var(--wp--preset--spacing--20);padding-right:var(--wp--preset--spacing--20);padding-bottom:var(--wp--preset--spacing--20);padding-left:var(--wp--preset--spacing--20)\">\n<h3 class=\"wp-block-heading has-text-align-left has-palette-color-4-color has-text-color has-link-color wp-elements-f2b4990d982ac63b1d92a660349feb49\">Orientacja na klienta<\/h3>\n\n\n\n<p><strong>Dla nas w Mastec oznacza to:<\/strong><\/p>\n\n\n\n<ul class=\"wp-block-list\">\n<li>Skupienie na kliencie wewn\u0119trznym i zewn\u0119trznym przenika nasz\u0105 codzienn\u0105 prac\u0119 <\/li>\n\n\n\n<li>Bycie uwa\u017cnym i rozumienie potrzeb klienta <\/li>\n\n\n\n<li>Dotrzymywanie obietnic wobec klient\u00f3w i dostarczanie na czas <\/li>\n\n\n\n<li>Wsp\u00f3\u0142praca wewn\u0119trzna i zewn\u0119trzna w celu rozwi\u0105zywania problem\u00f3w i tworzenia warto\u015bci dla klient\u00f3w <\/li>\n\n\n\n<li>D\u0105\u017cenie do ci\u0105g\u0142ego doskonalenia i zwi\u0119kszania efektywno\u015bci <\/li>\n<\/ul>\n<\/div>\n<\/div>\n<\/div>\n<\/div>\n\n<div style=\"height:40px\" aria-hidden=\"true\" class=\"wp-block-spacer\"><\/div>\n\n<figure class=\"wp-block-image alignwide size-large has-custom-border\"><img data-dominant-color=\"1a1d38\" data-has-transparency=\"false\" loading=\"lazy\" decoding=\"async\" width=\"1024\" height=\"430\" sizes=\"auto, (max-width: 1024px) 100vw, 1024px\" src=\"http:\/\/mastec.se\/app\/uploads\/2026\/03\/mastec-sign-131004-192-1500x630-1-1024x430.webp\" alt=\"\" class=\"wp-image-384 not-transparent\" style=\"--dominant-color: #1a1d38; border-top-left-radius:10px;border-top-right-radius:10px;border-bottom-left-radius:10px;border-bottom-right-radius:10px\" srcset=\"http:\/\/mastec.se\/app\/uploads\/2026\/03\/mastec-sign-131004-192-1500x630-1-1024x430.webp 1024w, http:\/\/mastec.se\/app\/uploads\/2026\/03\/mastec-sign-131004-192-1500x630-1-300x126.webp 300w, http:\/\/mastec.se\/app\/uploads\/2026\/03\/mastec-sign-131004-192-1500x630-1-768x323.webp 768w, http:\/\/mastec.se\/app\/uploads\/2026\/03\/mastec-sign-131004-192-1500x630-1.webp 1500w\" \/><\/figure>\n\n<div style=\"height:40px\" aria-hidden=\"true\" class=\"wp-block-spacer\"><\/div>\n\n<div class=\"wp-block-group alignwide is-content-justification-center is-layout-constrained wp-container-core-group-is-layout-da99a3d4 wp-block-group-is-layout-constrained\">\n<h2 class=\"wp-block-heading\">Mastec \u2013 Nasza historia<\/h2>\n\n\n\n<p>Mastec AB zosta\u0142o za\u0142o\u017cone w 1985 roku przez rodzin\u0119 Carlsson i od tego czasu rozwin\u0119\u0142o si\u0119 w stabilny i d\u0142ugoterminowy koncern przemys\u0142owy o mi\u0119dzynarodowej obecno\u015bci. Ju\u017c we wczesnych latach po\u0142o\u017cono fundamenty pod rozw\u00f3j poprzez przej\u0119cie Swedform AB, co oznacza\u0142o pocz\u0105tek podr\u00f3\u017cy naznaczonej przedsi\u0119biorczo\u015bci\u0105, biznesowym podej\u015bciem i wiar\u0105 w przysz\u0142o\u015b\u0107. Pod koniec lat 90. przeprowadzono wa\u017cne zmiany strategiczne, w ramach kt\u00f3rych sprzedano Swedform Metall, a uwag\u0119 skierowano na globalizacj\u0119 i ekspansj\u0119 mi\u0119dzynarodow\u0105, mi\u0119dzy innymi poprzez utworzenie sp\u00f3\u0142ki zale\u017cnej w ca\u0142o\u015bci nale\u017c\u0105cej do koncernu w Chinach.  <\/p>\n\n\n\n<h3 class=\"wp-block-heading has-medium-font-size\">Mastec poszerza i wzmacnia swoj\u0105 ofert\u0119<\/h3>\n\n\n\n<p>Na pocz\u0105tku XXI wieku Mastec podj\u0105\u0142 wyra\u017ane kroki w kierunku poszerzenia i wzmocnienia swojej oferty. Poprzez przej\u0119cia w obszarze obr\u00f3bki tworzyw sztucznych i metali stworzono bardziej kompletn\u0105 platform\u0119 przemys\u0142ow\u0105. Przej\u0119cie Mastec Precision AB oznacza\u0142o wej\u015bcie w zaawansowan\u0105 obr\u00f3bk\u0119 metali, a wkr\u00f3tce potem nast\u0105pi\u0142y kolejne inwestycje w obszarze obr\u00f3bki powierzchni i produkcji komponent\u00f3w. Te firmy zosta\u0142y stopniowo po\u0142\u0105czone pod nazw\u0105 Mastec i stworzy\u0142y podstaw\u0119 dzisiejszej struktury koncernu.   <\/p>\n\n\n\n<p>Rok 2006 by\u0142 wa\u017cnym kamieniem milowym, kiedy Mastec otworzy\u0142 w\u0142asn\u0105 fabryk\u0119 w Szanghaju, co dodatkowo wzmocni\u0142o globaln\u0105 konkurencyjno\u015b\u0107 koncernu i blisko\u015b\u0107 do mi\u0119dzynarodowych klient\u00f3w. W tym samym roku i w latach nast\u0119pnych przeprowadzono kilka strategicznych przej\u0119\u0107 i fuzji, kt\u00f3re usprawni\u0142y dzia\u0142alno\u015b\u0107 i stworzy\u0142y wyra\u017aniejsze jednostki biznesowe. <\/p>\n\n\n\n<h3 class=\"wp-block-heading has-medium-font-size\">Mastec kontynuuje rozw\u00f3j<\/h3>\n\n\n\n<p>W latach 2010. Mastec kontynuowa\u0142 rozw\u00f3j poprzez zar\u00f3wno przej\u0119cia, jak i innowacje. Dzia\u0142alno\u015b\u0107 w obszarze tworzyw sztucznych zosta\u0142a dodatkowo wzmocniona, a jednocze\u015bnie koncern wprowadzi\u0142 na rynek produkty w\u0142asnego rozwoju, takie jak Premere i Flexipac. R\u00f3wnolegle to\u017csamo\u015b\u0107 Mastec zosta\u0142a doprecyzowana poprzez wprowadzenie wsp\u00f3lnych warto\u015bci i nowej identyfikacji wizualnej, co dodatkowo wzmocni\u0142o mark\u0119.  <\/p>\n\n\n\n<p>W 2014 roku nast\u0119pne pokolenie Carlsson\u00f3w przej\u0119\u0142o kierownictwo koncernu, kiedy Henrik Carlsson obj\u0105\u0142 stanowisko prezesa koncernu. Z d\u0142ugoterminow\u0105 perspektyw\u0105 i wyra\u017anym skupieniem na efektywno\u015bci, jako\u015bci i korzy\u015bciach dla klienta Mastec kontynuowa\u0142 swoj\u0105 podr\u00f3\u017c rozwojow\u0105, mi\u0119dzy innymi poprzez utworzenie oddzia\u0142u w Polsce i wprowadzenie Lean Enterprise jako metody pracy. <\/p>\n\n\n\n<p>Ostatnie lata charakteryzowa\u0142y si\u0119 inwestycjami w przysz\u0142o\u015b\u0107. Poprzez inwestycje w nowoczesne i efektywne systemy biznesowe Mastec stworzy\u0142 warunki do dalszego rozwoju, zwi\u0119kszonej skalowalno\u015bci i silnej pozycji r\u00f3wnie\u017c w obliczu wymaga\u0144 i mo\u017cliwo\u015bci jutra. <\/p>\n<\/div>\n\n<div style=\"height:40px\" aria-hidden=\"true\" class=\"wp-block-spacer\"><\/div>\n","protected":false},"excerpt":{"rendered":"<p>Bezpieczne i rozwijaj\u0105ce \u015brodowisko pracy Tworzenie bezpiecznego i rozwijaj\u0105cego \u015brodowiska pracy to oczywista cz\u0119\u015b\u0107 naszej dzia\u0142alno\u015bci, podobnie jak przyczynianie si\u0119 do zr\u00f3wnowa\u017conej sytuacji \u017cyciowej naszych pracownik\u00f3w w d\u0142u\u017cszej perspektywie. Jeste\u015bmy zespo\u0142em, w kt\u00f3rym kompetencje i zaanga\u017cowanie ka\u017cdej osoby stanowi\u0105 wa\u017cny element naszego wsp\u00f3lnego celu, jakim jest zaspokajanie potrzeb naszych klient\u00f3w w spos\u00f3b zr\u00f3wnowa\u017cony. Tutaj mo\u017cesz [&hellip;]<\/p>\n","protected":false},"author":1,"featured_media":0,"parent":0,"menu_order":0,"comment_status":"closed","ping_status":"closed","template":"","meta":{"_acf_changed":false,"inline_featured_image":false,"footnotes":""},"class_list":["post-1616","page","type-page","status-publish","hentry"],"blocksy_meta":[],"acf":[],"yoast_head":"<!-- This site is optimized with the Yoast SEO plugin v27.5 - https:\/\/yoast.com\/product\/yoast-seo-wordpress\/ -->\n<title>O nas - Mastec<\/title>\n<meta name=\"robots\" content=\"index, follow, max-snippet:-1, max-image-preview:large, max-video-preview:-1\" \/>\n<link rel=\"canonical\" href=\"https:\/\/mastec.se\/pl\/?page_id=1616\" \/>\n<meta property=\"og:locale\" content=\"pl_PL\" \/>\n<meta property=\"og:type\" content=\"article\" \/>\n<meta property=\"og:title\" content=\"O nas - Mastec\" \/>\n<meta property=\"og:description\" content=\"Bezpieczne i rozwijaj\u0105ce \u015brodowisko pracy Tworzenie bezpiecznego i rozwijaj\u0105cego \u015brodowiska pracy to oczywista cz\u0119\u015b\u0107 naszej dzia\u0142alno\u015bci, podobnie jak przyczynianie si\u0119 do zr\u00f3wnowa\u017conej sytuacji \u017cyciowej naszych pracownik\u00f3w w d\u0142u\u017cszej perspektywie. Jeste\u015bmy zespo\u0142em, w kt\u00f3rym kompetencje i zaanga\u017cowanie ka\u017cdej osoby stanowi\u0105 wa\u017cny element naszego wsp\u00f3lnego celu, jakim jest zaspokajanie potrzeb naszych klient\u00f3w w spos\u00f3b zr\u00f3wnowa\u017cony. Tutaj mo\u017cesz [&hellip;]\" \/>\n<meta property=\"og:url\" content=\"https:\/\/mastec.se\/pl\/?page_id=1616\" \/>\n<meta property=\"og:site_name\" content=\"Mastec\" \/>\n<meta property=\"article:modified_time\" content=\"2026-05-07T08:30:54+00:00\" \/>\n<meta property=\"og:image\" content=\"https:\/\/mastec.se\/app\/uploads\/2026\/04\/IMG_8368-1024x728.webp\" \/>\n<meta name=\"twitter:card\" content=\"summary_large_image\" \/>\n<meta name=\"twitter:label1\" content=\"Est. reading time\" \/>\n\t<meta name=\"twitter:data1\" content=\"4 minutes\" \/>\n<script type=\"application\/ld+json\" class=\"yoast-schema-graph\">{\"@context\":\"https:\\\/\\\/schema.org\",\"@graph\":[{\"@type\":\"WebPage\",\"@id\":\"https:\\\/\\\/mastec.se\\\/pl\\\/?page_id=1616\",\"url\":\"https:\\\/\\\/mastec.se\\\/pl\\\/?page_id=1616\",\"name\":\"O nas - Mastec\",\"isPartOf\":{\"@id\":\"http:\\\/\\\/mastec.se\\\/#website\"},\"primaryImageOfPage\":{\"@id\":\"https:\\\/\\\/mastec.se\\\/pl\\\/?page_id=1616#primaryimage\"},\"image\":{\"@id\":\"https:\\\/\\\/mastec.se\\\/pl\\\/?page_id=1616#primaryimage\"},\"thumbnailUrl\":\"https:\\\/\\\/mastec.se\\\/app\\\/uploads\\\/2026\\\/04\\\/IMG_8368-1024x728.webp\",\"datePublished\":\"2026-03-23T14:46:23+00:00\",\"dateModified\":\"2026-05-07T08:30:54+00:00\",\"breadcrumb\":{\"@id\":\"https:\\\/\\\/mastec.se\\\/pl\\\/?page_id=1616#breadcrumb\"},\"inLanguage\":\"pl-PL\",\"potentialAction\":[{\"@type\":\"ReadAction\",\"target\":[\"https:\\\/\\\/mastec.se\\\/pl\\\/?page_id=1616\"]}]},{\"@type\":\"ImageObject\",\"inLanguage\":\"pl-PL\",\"@id\":\"https:\\\/\\\/mastec.se\\\/pl\\\/?page_id=1616#primaryimage\",\"url\":\"https:\\\/\\\/mastec.se\\\/app\\\/uploads\\\/2026\\\/04\\\/IMG_8368-1024x728.webp\",\"contentUrl\":\"https:\\\/\\\/mastec.se\\\/app\\\/uploads\\\/2026\\\/04\\\/IMG_8368-1024x728.webp\"},{\"@type\":\"BreadcrumbList\",\"@id\":\"https:\\\/\\\/mastec.se\\\/pl\\\/?page_id=1616#breadcrumb\",\"itemListElement\":[{\"@type\":\"ListItem\",\"position\":1,\"name\":\"Home\",\"item\":\"https:\\\/\\\/mastec.se\\\/pl\\\/?page_id=1625\"},{\"@type\":\"ListItem\",\"position\":2,\"name\":\"O nas\"}]},{\"@type\":\"WebSite\",\"@id\":\"http:\\\/\\\/mastec.se\\\/#website\",\"url\":\"http:\\\/\\\/mastec.se\\\/\",\"name\":\"Mastec\",\"description\":\"\",\"publisher\":{\"@id\":\"http:\\\/\\\/mastec.se\\\/#organization\"},\"potentialAction\":[{\"@type\":\"SearchAction\",\"target\":{\"@type\":\"EntryPoint\",\"urlTemplate\":\"http:\\\/\\\/mastec.se\\\/?s={search_term_string}\"},\"query-input\":{\"@type\":\"PropertyValueSpecification\",\"valueRequired\":true,\"valueName\":\"search_term_string\"}}],\"inLanguage\":\"pl-PL\"},{\"@type\":\"Organization\",\"@id\":\"http:\\\/\\\/mastec.se\\\/#organization\",\"name\":\"Mastec\",\"url\":\"http:\\\/\\\/mastec.se\\\/\",\"logo\":{\"@type\":\"ImageObject\",\"inLanguage\":\"pl-PL\",\"@id\":\"http:\\\/\\\/mastec.se\\\/#\\\/schema\\\/logo\\\/image\\\/\",\"url\":\"http:\\\/\\\/mastec.se\\\/app\\\/uploads\\\/2026\\\/03\\\/White.svg\",\"contentUrl\":\"http:\\\/\\\/mastec.se\\\/app\\\/uploads\\\/2026\\\/03\\\/White.svg\",\"width\":299,\"height\":56,\"caption\":\"Mastec\"},\"image\":{\"@id\":\"http:\\\/\\\/mastec.se\\\/#\\\/schema\\\/logo\\\/image\\\/\"}}]}<\/script>\n<!-- \/ Yoast SEO plugin. -->","yoast_head_json":{"title":"O nas - Mastec","robots":{"index":"index","follow":"follow","max-snippet":"max-snippet:-1","max-image-preview":"max-image-preview:large","max-video-preview":"max-video-preview:-1"},"canonical":"https:\/\/mastec.se\/pl\/?page_id=1616","og_locale":"pl_PL","og_type":"article","og_title":"O nas - Mastec","og_description":"Bezpieczne i rozwijaj\u0105ce \u015brodowisko pracy Tworzenie bezpiecznego i rozwijaj\u0105cego \u015brodowiska pracy to oczywista cz\u0119\u015b\u0107 naszej dzia\u0142alno\u015bci, podobnie jak przyczynianie si\u0119 do zr\u00f3wnowa\u017conej sytuacji \u017cyciowej naszych pracownik\u00f3w w d\u0142u\u017cszej perspektywie. Jeste\u015bmy zespo\u0142em, w kt\u00f3rym kompetencje i zaanga\u017cowanie ka\u017cdej osoby stanowi\u0105 wa\u017cny element naszego wsp\u00f3lnego celu, jakim jest zaspokajanie potrzeb naszych klient\u00f3w w spos\u00f3b zr\u00f3wnowa\u017cony. Tutaj mo\u017cesz [&hellip;]","og_url":"https:\/\/mastec.se\/pl\/?page_id=1616","og_site_name":"Mastec","article_modified_time":"2026-05-07T08:30:54+00:00","og_image":[{"url":"https:\/\/mastec.se\/app\/uploads\/2026\/04\/IMG_8368-1024x728.webp","type":"","width":"","height":""}],"twitter_card":"summary_large_image","twitter_misc":{"Est. reading time":"4 minutes"},"schema":{"@context":"https:\/\/schema.org","@graph":[{"@type":"WebPage","@id":"https:\/\/mastec.se\/pl\/?page_id=1616","url":"https:\/\/mastec.se\/pl\/?page_id=1616","name":"O nas - Mastec","isPartOf":{"@id":"http:\/\/mastec.se\/#website"},"primaryImageOfPage":{"@id":"https:\/\/mastec.se\/pl\/?page_id=1616#primaryimage"},"image":{"@id":"https:\/\/mastec.se\/pl\/?page_id=1616#primaryimage"},"thumbnailUrl":"https:\/\/mastec.se\/app\/uploads\/2026\/04\/IMG_8368-1024x728.webp","datePublished":"2026-03-23T14:46:23+00:00","dateModified":"2026-05-07T08:30:54+00:00","breadcrumb":{"@id":"https:\/\/mastec.se\/pl\/?page_id=1616#breadcrumb"},"inLanguage":"pl-PL","potentialAction":[{"@type":"ReadAction","target":["https:\/\/mastec.se\/pl\/?page_id=1616"]}]},{"@type":"ImageObject","inLanguage":"pl-PL","@id":"https:\/\/mastec.se\/pl\/?page_id=1616#primaryimage","url":"https:\/\/mastec.se\/app\/uploads\/2026\/04\/IMG_8368-1024x728.webp","contentUrl":"https:\/\/mastec.se\/app\/uploads\/2026\/04\/IMG_8368-1024x728.webp"},{"@type":"BreadcrumbList","@id":"https:\/\/mastec.se\/pl\/?page_id=1616#breadcrumb","itemListElement":[{"@type":"ListItem","position":1,"name":"Home","item":"https:\/\/mastec.se\/pl\/?page_id=1625"},{"@type":"ListItem","position":2,"name":"O nas"}]},{"@type":"WebSite","@id":"http:\/\/mastec.se\/#website","url":"http:\/\/mastec.se\/","name":"Mastec","description":"","publisher":{"@id":"http:\/\/mastec.se\/#organization"},"potentialAction":[{"@type":"SearchAction","target":{"@type":"EntryPoint","urlTemplate":"http:\/\/mastec.se\/?s={search_term_string}"},"query-input":{"@type":"PropertyValueSpecification","valueRequired":true,"valueName":"search_term_string"}}],"inLanguage":"pl-PL"},{"@type":"Organization","@id":"http:\/\/mastec.se\/#organization","name":"Mastec","url":"http:\/\/mastec.se\/","logo":{"@type":"ImageObject","inLanguage":"pl-PL","@id":"http:\/\/mastec.se\/#\/schema\/logo\/image\/","url":"http:\/\/mastec.se\/app\/uploads\/2026\/03\/White.svg","contentUrl":"http:\/\/mastec.se\/app\/uploads\/2026\/03\/White.svg","width":299,"height":56,"caption":"Mastec"},"image":{"@id":"http:\/\/mastec.se\/#\/schema\/logo\/image\/"}}]}},"_links":{"self":[{"href":"http:\/\/mastec.se\/pl\/wp-json\/wp\/v2\/pages\/1616","targetHints":{"allow":["GET"]}}],"collection":[{"href":"http:\/\/mastec.se\/pl\/wp-json\/wp\/v2\/pages"}],"about":[{"href":"http:\/\/mastec.se\/pl\/wp-json\/wp\/v2\/types\/page"}],"author":[{"embeddable":true,"href":"http:\/\/mastec.se\/pl\/wp-json\/wp\/v2\/users\/1"}],"replies":[{"embeddable":true,"href":"http:\/\/mastec.se\/pl\/wp-json\/wp\/v2\/comments?post=1616"}],"version-history":[{"count":2,"href":"http:\/\/mastec.se\/pl\/wp-json\/wp\/v2\/pages\/1616\/revisions"}],"predecessor-version":[{"id":1624,"href":"http:\/\/mastec.se\/pl\/wp-json\/wp\/v2\/pages\/1616\/revisions\/1624"}],"wp:attachment":[{"href":"http:\/\/mastec.se\/pl\/wp-json\/wp\/v2\/media?parent=1616"}],"curies":[{"name":"wp","href":"https:\/\/api.w.org\/{rel}","templated":true}]}}