{"id":1625,"date":"2026-03-09T15:02:17","date_gmt":"2026-03-09T14:02:17","guid":{"rendered":"https:\/\/mastec.se\/strona-glowna\/"},"modified":"2026-05-07T10:45:29","modified_gmt":"2026-05-07T08:45:29","slug":"strona-glowna","status":"publish","type":"page","link":"http:\/\/mastec.se\/pl\/","title":{"rendered":"Strona g\u0142\u00f3wna"},"content":{"rendered":"\n<div class=\"hero-block wp-block-mastec-hero\" data-rotation-speed=\"3000\">\n    <div class=\"hero-block-media\">\n                \n        <!-- Overlay -->\n        <div class=\"hero-overlay\"><\/div>\n    <\/div>\n    \n    <!-- Inneh\u00e5ll via InnerBlocks -->\n    <div class=\"hero-content\">\n            <div class=\"acf-innerblocks-container\">\n\n<h1 class=\"wp-block-heading has-palette-color-1-color has-text-color has-link-color wp-elements-e921ef29b32fe4e8c12f3e590aaf0ab5\">MASTEC \u2013 Tw\u00f3j partner produkcyjny<\/h1>\n\n\n\n<p>Mastec to dynamiczny i zorientowany na przysz\u0142o\u015b\u0107 koncern przemys\u0142owy, gotowy sprosta\u0107 wymaganiom i oczekiwaniom naszych klient\u00f3w. Dzi\u0119ki silnemu skupieniu na kliencie w po\u0142\u0105czeniu z wysokimi kompetencjami technicznymi tworzymy dobre perspektywy na przysz\u0142o\u015b\u0107, b\u0119d\u0105c aktywnym i innowacyjnym partnerem produkcyjnym w Twojej pracy rozwojowej.  <\/p>\n\n<\/div>    <\/div>\n<\/div>\n\n\n<div style=\"height:60px\" aria-hidden=\"true\" class=\"wp-block-spacer\"><\/div>\n\n<div class=\"wp-block-columns alignwide is-layout-flex wp-container-core-columns-is-layout-28f84493 wp-block-columns-is-layout-flex\">\n<div class=\"wp-block-column mid-section is-layout-flow wp-block-column-is-layout-flow\">\n<h2 class=\"wp-block-heading\">Du\u017ce lub mniejsze projekty przemys\u0142owe<\/h2>\n\n\n\n<p>Niezale\u017cnie od tego, czy chodzi o mniejszy, czy wi\u0119kszy projekt przemys\u0142owy, jako podwykonawca oferujemy odpowiednie kompetencje i mo\u017cliwo\u015bci, aby towarzyszy\u0107 Pa\u0144stwu od pomys\u0142u do produkcji seryjnej. Jeste\u015bmy partnerem produkcyjnym, kt\u00f3ry czerpie rado\u015b\u0107 i widzi wyzwanie w rozwijaniu i usprawnianiu r\u00f3\u017cnych koncepcji produkcyjnych i proces\u00f3w \u2013 to w\u0142a\u015bnie nazywamy \u201ePasj\u0105 do produkcji\u201d. <\/p>\n<\/div>\n<\/div>\n\n<h2 class=\"wp-block-heading alignwide\">Nasze us\u0142ugi<\/h2>\n\n<div class=\"wp-block-group alignwide services-grid is-layout-grid wp-container-core-group-is-layout-012ea3a0 wp-block-group-is-layout-grid\"><a href=\"http:\/\/mastec.se\/tjanster\/bearbetning\/\"    class=\"wp-block-tiptip-hyperlink-group-block\" >\n<div class=\"wp-block-group is-layout-constrained wp-block-group-is-layout-constrained\">\n<div class=\"wp-block-cover has-custom-content-position is-position-bottom-left has-aspect-ratio\" style=\"border-top-left-radius:10px;border-top-right-radius:10px;border-bottom-left-radius:10px;border-bottom-right-radius:10px;aspect-ratio:16\/9;min-height:unset;\"><img data-dominant-color=\"7e838f\" data-has-transparency=\"false\" loading=\"lazy\" decoding=\"async\" width=\"1592\" height=\"1138\" sizes=\"auto, (max-width: 1592px) 100vw, 1592px\" class=\"wp-block-cover__image-background wp-image-902 size-full not-transparent\" alt=\"\" src=\"https:\/\/mastec.se\/app\/uploads\/2026\/04\/IMG_7960.webp\" style=\"--dominant-color: #7e838f; object-position:51% 36%\" data-object-fit=\"cover\" data-object-position=\"51% 36%\" srcset=\"http:\/\/mastec.se\/app\/uploads\/2026\/04\/IMG_7960.webp 1592w, http:\/\/mastec.se\/app\/uploads\/2026\/04\/IMG_7960-300x214.webp 300w, http:\/\/mastec.se\/app\/uploads\/2026\/04\/IMG_7960-1024x732.webp 1024w, http:\/\/mastec.se\/app\/uploads\/2026\/04\/IMG_7960-768x549.webp 768w, http:\/\/mastec.se\/app\/uploads\/2026\/04\/IMG_7960-1536x1098.webp 1536w\" \/><span aria-hidden=\"true\" class=\"wp-block-cover__background has-background-dim-20 has-background-dim\"><\/span><div class=\"wp-block-cover__inner-container is-layout-constrained wp-block-cover-is-layout-constrained\">\n<h3 class=\"wp-block-heading has-text-align-center has-palette-color-1-color has-text-color has-link-color has-large-font-size wp-elements-5ad803295b6f678c324ed4ca1289fa3a\"><strong>Obr\u00f3bka<\/strong><\/h3>\n<\/div><\/div>\n<\/div>\n<\/a>\n\n<a href=\"http:\/\/mastec.se\/tjanster\/formsprutning\/\"    class=\"wp-block-tiptip-hyperlink-group-block\" >\n<div class=\"wp-block-group is-layout-constrained wp-block-group-is-layout-constrained\">\n<div class=\"wp-block-cover has-custom-content-position is-position-bottom-left has-aspect-ratio\" style=\"border-top-left-radius:10px;border-top-right-radius:10px;border-bottom-left-radius:10px;border-bottom-right-radius:10px;aspect-ratio:16\/9;min-height:unset;\"><img data-dominant-color=\"364d6e\" data-has-transparency=\"false\" loading=\"lazy\" decoding=\"async\" width=\"2560\" height=\"1708\" sizes=\"auto, (max-width: 2560px) 100vw, 2560px\" class=\"wp-block-cover__image-background wp-image-687 size-full not-transparent\" alt=\"\" src=\"https:\/\/mastec.se\/app\/uploads\/2026\/03\/IMG_8596.webp\" style=\"--dominant-color: #364d6e; object-position:51% 0%\" data-object-fit=\"cover\" data-object-position=\"51% 0%\" srcset=\"http:\/\/mastec.se\/app\/uploads\/2026\/03\/IMG_8596.webp 2560w, http:\/\/mastec.se\/app\/uploads\/2026\/03\/IMG_8596-300x200.webp 300w, http:\/\/mastec.se\/app\/uploads\/2026\/03\/IMG_8596-1024x683.webp 1024w, http:\/\/mastec.se\/app\/uploads\/2026\/03\/IMG_8596-768x512.webp 768w, http:\/\/mastec.se\/app\/uploads\/2026\/03\/IMG_8596-1536x1025.webp 1536w, http:\/\/mastec.se\/app\/uploads\/2026\/03\/IMG_8596-2048x1366.webp 2048w\" \/><span aria-hidden=\"true\" class=\"wp-block-cover__background has-background-dim-10 has-background-dim\"><\/span><div class=\"wp-block-cover__inner-container is-layout-constrained wp-block-cover-is-layout-constrained\">\n<h3 class=\"wp-block-heading has-text-align-center has-palette-color-1-color has-text-color has-link-color has-large-font-size wp-elements-d4024d2864f2d7b1d477ba5b5e3c03f4\"><strong>Formowanie wtryskowe<\/strong><\/h3>\n<\/div><\/div>\n<\/div>\n<\/a>\n\n<a href=\"http:\/\/mastec.se\/tjanster\/montering\/\"    class=\"wp-block-tiptip-hyperlink-group-block\" >\n<div class=\"wp-block-group is-layout-constrained wp-block-group-is-layout-constrained\">\n<div class=\"wp-block-cover has-custom-content-position is-position-bottom-left has-aspect-ratio\" style=\"border-top-left-radius:10px;border-top-right-radius:10px;border-bottom-left-radius:10px;border-bottom-right-radius:10px;aspect-ratio:16\/9;min-height:unset;\"><img data-dominant-color=\"706b47\" data-has-transparency=\"false\" style=\"--dominant-color: #706b47;\" loading=\"lazy\" decoding=\"async\" width=\"2560\" height=\"1708\" sizes=\"auto, (max-width: 2560px) 100vw, 2560px\" class=\"wp-block-cover__image-background wp-image-746 size-full not-transparent\" alt=\"\" src=\"https:\/\/mastec.se\/app\/uploads\/2026\/03\/IMG_7687.webp\" data-object-fit=\"cover\" srcset=\"http:\/\/mastec.se\/app\/uploads\/2026\/03\/IMG_7687.webp 2560w, http:\/\/mastec.se\/app\/uploads\/2026\/03\/IMG_7687-300x200.webp 300w, http:\/\/mastec.se\/app\/uploads\/2026\/03\/IMG_7687-1024x683.webp 1024w, http:\/\/mastec.se\/app\/uploads\/2026\/03\/IMG_7687-768x512.webp 768w, http:\/\/mastec.se\/app\/uploads\/2026\/03\/IMG_7687-1536x1025.webp 1536w, http:\/\/mastec.se\/app\/uploads\/2026\/03\/IMG_7687-2048x1366.webp 2048w\" \/><span aria-hidden=\"true\" class=\"wp-block-cover__background has-background-dim-20 has-background-dim\"><\/span><div class=\"wp-block-cover__inner-container is-layout-constrained wp-block-cover-is-layout-constrained\">\n<h3 class=\"wp-block-heading has-text-align-center has-palette-color-1-color has-text-color has-link-color has-large-font-size wp-elements-54c540f586d697a7998742ae9a3c33e1\"><strong>Monta\u017c<\/strong><\/h3>\n<\/div><\/div>\n<\/div>\n<\/a>\n\n<a href=\"http:\/\/mastec.se\/tjanster\/platberabetning\/\"    class=\"wp-block-tiptip-hyperlink-group-block\" >\n<div class=\"wp-block-group is-layout-constrained wp-block-group-is-layout-constrained\">\n<div class=\"wp-block-cover has-custom-content-position is-position-bottom-left has-aspect-ratio\" style=\"border-top-left-radius:10px;border-top-right-radius:10px;border-bottom-left-radius:10px;border-bottom-right-radius:10px;aspect-ratio:16\/9;min-height:unset;\"><img data-dominant-color=\"49494a\" data-has-transparency=\"false\" style=\"--dominant-color: #49494a;\" loading=\"lazy\" decoding=\"async\" width=\"1708\" height=\"1220\" sizes=\"auto, (max-width: 1708px) 100vw, 1708px\" class=\"wp-block-cover__image-background wp-image-947 size-full not-transparent\" alt=\"\" src=\"https:\/\/mastec.se\/app\/uploads\/2026\/04\/IMG_7761-jpg.webp\" data-object-fit=\"cover\" srcset=\"http:\/\/mastec.se\/app\/uploads\/2026\/04\/IMG_7761-jpg.webp 1708w, http:\/\/mastec.se\/app\/uploads\/2026\/04\/IMG_7761-jpg-300x214.webp 300w, http:\/\/mastec.se\/app\/uploads\/2026\/04\/IMG_7761-jpg-1024x731.webp 1024w, http:\/\/mastec.se\/app\/uploads\/2026\/04\/IMG_7761-jpg-768x549.webp 768w, http:\/\/mastec.se\/app\/uploads\/2026\/04\/IMG_7761-jpg-1536x1097.webp 1536w\" \/><span aria-hidden=\"true\" class=\"wp-block-cover__background has-background-dim-30 has-background-dim\"><\/span><div class=\"wp-block-cover__inner-container is-layout-constrained wp-block-cover-is-layout-constrained\">\n<h3 class=\"wp-block-heading has-text-align-center has-palette-color-1-color has-text-color has-link-color has-large-font-size wp-elements-b6da562178719768e51a5927133c9f69\"><strong>Obr\u00f3bka blachy<\/strong><\/h3>\n<\/div><\/div>\n<\/div>\n<\/a>\n\n<a href=\"http:\/\/mastec.se\/tjanster\/tyngre-svetsning\/\"    class=\"wp-block-tiptip-hyperlink-group-block\" >\n<div class=\"wp-block-group is-layout-constrained wp-block-group-is-layout-constrained\">\n<div class=\"wp-block-cover has-custom-content-position is-position-bottom-left has-aspect-ratio\" style=\"border-top-left-radius:10px;border-top-right-radius:10px;border-bottom-left-radius:10px;border-bottom-right-radius:10px;aspect-ratio:16\/9;min-height:unset;\"><img data-dominant-color=\"686866\" data-has-transparency=\"false\" loading=\"lazy\" decoding=\"async\" width=\"765\" height=\"547\" sizes=\"auto, (max-width: 765px) 100vw, 765px\" class=\"wp-block-cover__image-background wp-image-897 size-full not-transparent\" alt=\"\" src=\"https:\/\/mastec.se\/app\/uploads\/2026\/04\/IMG_5048.webp\" style=\"--dominant-color: #686866; object-position:49% 70%\" data-object-fit=\"cover\" data-object-position=\"49% 70%\" srcset=\"http:\/\/mastec.se\/app\/uploads\/2026\/04\/IMG_5048.webp 765w, http:\/\/mastec.se\/app\/uploads\/2026\/04\/IMG_5048-300x215.webp 300w\" \/><span aria-hidden=\"true\" class=\"wp-block-cover__background has-background-dim-20 has-background-dim\"><\/span><div class=\"wp-block-cover__inner-container is-layout-constrained wp-block-cover-is-layout-constrained\">\n<h3 class=\"wp-block-heading has-text-align-center has-palette-color-1-color has-text-color has-link-color has-large-font-size wp-elements-9bbcc7d639f1543a8b08a2e80187a3b3\"><strong>Spawanie ci\u0119\u017ckie<\/strong><\/h3>\n<\/div><\/div>\n<\/div>\n<\/a>\n\n<a href=\"http:\/\/mastec.se\/tjanster\/ytbehandling\/\"    class=\"wp-block-tiptip-hyperlink-group-block\" >\n<div class=\"wp-block-group is-layout-constrained wp-block-group-is-layout-constrained\">\n<div class=\"wp-block-cover has-custom-content-position is-position-bottom-left has-aspect-ratio\" style=\"border-top-left-radius:10px;border-top-right-radius:10px;border-bottom-left-radius:10px;border-bottom-right-radius:10px;aspect-ratio:16\/9;min-height:unset;\"><img data-dominant-color=\"99948b\" data-has-transparency=\"false\" style=\"--dominant-color: #99948b;\" loading=\"lazy\" decoding=\"async\" width=\"1875\" height=\"1250\" sizes=\"auto, (max-width: 1875px) 100vw, 1875px\" class=\"wp-block-cover__image-background wp-image-893 size-full not-transparent\" alt=\"\" src=\"https:\/\/mastec.se\/app\/uploads\/2026\/04\/IMG_4703.webp\" data-object-fit=\"cover\" srcset=\"http:\/\/mastec.se\/app\/uploads\/2026\/04\/IMG_4703.webp 1875w, http:\/\/mastec.se\/app\/uploads\/2026\/04\/IMG_4703-300x200.webp 300w, http:\/\/mastec.se\/app\/uploads\/2026\/04\/IMG_4703-1024x683.webp 1024w, http:\/\/mastec.se\/app\/uploads\/2026\/04\/IMG_4703-768x512.webp 768w, http:\/\/mastec.se\/app\/uploads\/2026\/04\/IMG_4703-1536x1024.webp 1536w\" \/><span aria-hidden=\"true\" class=\"wp-block-cover__background has-background-dim-30 has-background-dim\"><\/span><div class=\"wp-block-cover__inner-container is-layout-constrained wp-block-cover-is-layout-constrained\">\n<h3 class=\"wp-block-heading has-text-align-center has-palette-color-1-color has-text-color has-link-color has-large-font-size wp-elements-3ed632e41f25a1e1dee1b95fdf4a8723\"><strong>Obr\u00f3bka powierzchni<\/strong><\/h3>\n<\/div><\/div>\n<\/div>\n<\/a><\/div>\n\n<div style=\"height:40px\" aria-hidden=\"true\" class=\"wp-block-spacer\"><\/div>\n\n<div class=\"wp-block-media-text alignwide has-media-on-the-right is-stacked-on-mobile has-white-background-color has-background\" style=\"border-top-left-radius:10px;border-top-right-radius:10px;border-bottom-left-radius:10px;border-bottom-right-radius:10px;margin-top:0;margin-bottom:0;padding-top:var(--wp--preset--spacing--80);padding-right:var(--wp--preset--spacing--80);padding-bottom:var(--wp--preset--spacing--80);padding-left:var(--wp--preset--spacing--80)\"><div class=\"wp-block-media-text__content\">\n<h2 class=\"wp-block-heading\">Pracuj z nami<\/h2>\n\n\n\n<p>Chcesz tworzy\u0107 rozwi\u0105zania, kt\u00f3re robi\u0105 r\u00f3\u017cnic\u0119 w rzeczywisto\u015bci? U nas b\u0119dziesz pracowa\u0107 w zespole, gdzie wsp\u00f3\u0142praca, jako\u015b\u0107 i rozw\u00f3j s\u0105 w centrum uwagi. Szukamy osoby, kt\u00f3ra jest ciekawa, odpowiedzialna i chce wnie\u015b\u0107 zar\u00f3wno kompetencje, jak i zaanga\u017cowanie. Niezale\u017cnie od tego, czy jeste\u015b na pocz\u0105tku kariery, czy masz d\u0142ugie do\u015bwiadczenie, oferujemy miejsce pracy z jasnymi celami, kr\u00f3tkimi drogami decyzyjnymi i mo\u017cliwo\u015bci\u0105 rozwoju razem z nami.   <\/p>\n\n\n\n<div class=\"wp-block-buttons is-layout-flex wp-block-buttons-is-layout-flex\">\n<div class=\"wp-block-button\"><a class=\"wp-block-button__link has-palette-color-1-color has-palette-color-3-background-color has-text-color has-background has-link-color wp-element-button\" href=\"https:\/\/mastec.se\/pl\/kariera\/\">Kariera<\/a><\/div>\n<\/div>\n<\/div><figure class=\"wp-block-media-text__media\"><img data-dominant-color=\"3e4856\" data-has-transparency=\"false\" style=\"--dominant-color: #3e4856;\" loading=\"lazy\" decoding=\"async\" width=\"1024\" height=\"683\" src=\"https:\/\/mastec.se\/app\/uploads\/2026\/03\/IMG_7645-1024x683.webp\" alt=\"\" class=\"wp-image-581 size-full not-transparent\" srcset=\"http:\/\/mastec.se\/app\/uploads\/2026\/03\/IMG_7645-1024x683.webp 1024w, http:\/\/mastec.se\/app\/uploads\/2026\/03\/IMG_7645-300x200.webp 300w, http:\/\/mastec.se\/app\/uploads\/2026\/03\/IMG_7645-768x512.webp 768w, http:\/\/mastec.se\/app\/uploads\/2026\/03\/IMG_7645-1536x1025.webp 1536w, http:\/\/mastec.se\/app\/uploads\/2026\/03\/IMG_7645-2048x1366.webp 2048w\" sizes=\"auto, (max-width: 1024px) 100vw, 1024px\" \/><\/figure><\/div>\n\n<div class=\"wp-block-group alignwide is-layout-flow wp-block-group-is-layout-flow\"><p><!-- Elfsight LinkedIn Feed | Mastec LinkedIn-feed --><br \/>\n<script src=\"https:\/\/elfsightcdn.com\/platform.js\" async><\/script><\/p>\n<div class=\"elfsight-app-f1fbd279-0568-4f54-a956-91833f677a39\" data-elfsight-app-lazy><\/div>\n<\/div>\n\n<div style=\"height:40px\" aria-hidden=\"true\" class=\"wp-block-spacer\"><\/div>\n\n<div class=\"wp-block-group alignwide has-palette-color-1-color has-palette-color-7-background-color has-text-color has-background has-link-color wp-elements-5816d340711ecffe7669ed2fc210ed65 is-content-justification-center is-layout-constrained wp-container-core-group-is-layout-1ccda2f7 wp-block-group-is-layout-constrained\" style=\"border-top-left-radius:10px;border-top-right-radius:10px;border-bottom-left-radius:10px;border-bottom-right-radius:10px;padding-top:var(--wp--preset--spacing--70);padding-bottom:var(--wp--preset--spacing--70)\">\n<h2 class=\"wp-block-heading has-text-align-center has-palette-color-4-color has-text-color has-link-color wp-elements-7e32efc07a97685e86392f0e41b2eb68\">Zr\u00f3bmy interesy?<\/h2>\n\n\n\n<p class=\"has-text-align-center has-palette-color-4-color has-text-color has-link-color wp-elements-3cd21e15e2ae7631827a2ff8120db686\">Masz projekt w toku lub potrzebujesz wsparcia w nast\u0119pnym kroku? Pomo\u017cemy Ci znale\u017a\u0107 rozwi\u0105zanie, kt\u00f3re pasuje do potrzeb, harmonogramu i bud\u017cetu. Dzi\u0119ki d\u0142ugiemu do\u015bwiadczeniu, wysokiej jako\u015bci i bliskiej wsp\u00f3\u0142pracy zapewniamy, \u017ce otrzymasz rezultat, kt\u00f3ry wytrzyma pr\u00f3b\u0119 czasu. Skontaktuj si\u0119 z nami w sprawie pierwszej rozmowy bez zobowi\u0105za\u0144, a om\u00f3wimy Twoje cele i jak mo\u017cemy pom\u00f3c Ci je osi\u0105gn\u0105\u0107 w bezpieczny i efektywny spos\u00f3b.   <\/p>\n\n\n\n<div class=\"wp-block-buttons is-content-justification-center is-layout-flex wp-container-core-buttons-is-layout-a89b3969 wp-block-buttons-is-layout-flex\">\n<div class=\"wp-block-button\"><a class=\"wp-block-button__link has-palette-color-1-color has-palette-color-3-background-color has-text-color has-background has-link-color wp-element-button\" href=\"https:\/\/mastec.se\/pl\/kontakt\/\">Skontaktuj si\u0119 z nami<\/a><\/div>\n<\/div>\n<\/div>\n\n<div style=\"height:40px\" aria-hidden=\"true\" class=\"wp-block-spacer\"><\/div>\n","protected":false},"excerpt":{"rendered":"<p>Du\u017ce lub mniejsze projekty przemys\u0142owe Niezale\u017cnie od tego, czy chodzi o mniejszy, czy wi\u0119kszy projekt przemys\u0142owy, jako podwykonawca oferujemy odpowiednie kompetencje i mo\u017cliwo\u015bci, aby towarzyszy\u0107 Pa\u0144stwu od pomys\u0142u do produkcji seryjnej. Jeste\u015bmy partnerem produkcyjnym, kt\u00f3ry czerpie rado\u015b\u0107 i widzi wyzwanie w rozwijaniu i usprawnianiu r\u00f3\u017cnych koncepcji produkcyjnych i proces\u00f3w \u2013 to w\u0142a\u015bnie nazywamy \u201ePasj\u0105 do [&hellip;]<\/p>\n","protected":false},"author":1,"featured_media":0,"parent":0,"menu_order":0,"comment_status":"closed","ping_status":"closed","template":"","meta":{"_acf_changed":false,"inline_featured_image":false,"footnotes":""},"class_list":["post-1625","page","type-page","status-publish","hentry"],"blocksy_meta":[],"acf":[],"yoast_head":"<!-- This site is optimized with the Yoast SEO plugin v27.5 - https:\/\/yoast.com\/product\/yoast-seo-wordpress\/ -->\n<title>Strona g\u0142\u00f3wna - Mastec<\/title>\n<meta name=\"robots\" content=\"index, follow, max-snippet:-1, max-image-preview:large, max-video-preview:-1\" \/>\n<link rel=\"canonical\" href=\"https:\/\/mastec.se\/pl\/?page_id=1625\" \/>\n<meta property=\"og:locale\" content=\"pl_PL\" \/>\n<meta property=\"og:type\" content=\"article\" \/>\n<meta property=\"og:title\" content=\"Strona g\u0142\u00f3wna - Mastec\" \/>\n<meta property=\"og:description\" content=\"Du\u017ce lub mniejsze projekty przemys\u0142owe Niezale\u017cnie od tego, czy chodzi o mniejszy, czy wi\u0119kszy projekt przemys\u0142owy, jako podwykonawca oferujemy odpowiednie kompetencje i mo\u017cliwo\u015bci, aby towarzyszy\u0107 Pa\u0144stwu od pomys\u0142u do produkcji seryjnej. Jeste\u015bmy partnerem produkcyjnym, kt\u00f3ry czerpie rado\u015b\u0107 i widzi wyzwanie w rozwijaniu i usprawnianiu r\u00f3\u017cnych koncepcji produkcyjnych i proces\u00f3w \u2013 to w\u0142a\u015bnie nazywamy \u201ePasj\u0105 do [&hellip;]\" \/>\n<meta property=\"og:url\" content=\"https:\/\/mastec.se\/pl\/?page_id=1625\" \/>\n<meta property=\"og:site_name\" content=\"Mastec\" \/>\n<meta property=\"article:modified_time\" content=\"2026-05-07T08:45:29+00:00\" \/>\n<meta property=\"og:image\" content=\"https:\/\/mastec.se\/app\/uploads\/2026\/04\/IMG_7960.webp\" \/>\n<meta name=\"twitter:card\" content=\"summary_large_image\" \/>\n<meta name=\"twitter:label1\" content=\"Est. reading time\" \/>\n\t<meta name=\"twitter:data1\" content=\"2 minutes\" \/>\n<script type=\"application\/ld+json\" class=\"yoast-schema-graph\">{\"@context\":\"https:\\\/\\\/schema.org\",\"@graph\":[{\"@type\":\"WebPage\",\"@id\":\"https:\\\/\\\/mastec.se\\\/pl\\\/?page_id=1625\",\"url\":\"https:\\\/\\\/mastec.se\\\/pl\\\/?page_id=1625\",\"name\":\"Strona g\u0142\u00f3wna - Mastec\",\"isPartOf\":{\"@id\":\"http:\\\/\\\/mastec.se\\\/#website\"},\"primaryImageOfPage\":{\"@id\":\"https:\\\/\\\/mastec.se\\\/pl\\\/?page_id=1625#primaryimage\"},\"image\":{\"@id\":\"https:\\\/\\\/mastec.se\\\/pl\\\/?page_id=1625#primaryimage\"},\"thumbnailUrl\":\"https:\\\/\\\/mastec.se\\\/app\\\/uploads\\\/2026\\\/04\\\/IMG_7960.webp\",\"datePublished\":\"2026-03-09T14:02:17+00:00\",\"dateModified\":\"2026-05-07T08:45:29+00:00\",\"breadcrumb\":{\"@id\":\"https:\\\/\\\/mastec.se\\\/pl\\\/?page_id=1625#breadcrumb\"},\"inLanguage\":\"pl-PL\",\"potentialAction\":[{\"@type\":\"ReadAction\",\"target\":[\"https:\\\/\\\/mastec.se\\\/pl\\\/?page_id=1625\"]}]},{\"@type\":\"ImageObject\",\"inLanguage\":\"pl-PL\",\"@id\":\"https:\\\/\\\/mastec.se\\\/pl\\\/?page_id=1625#primaryimage\",\"url\":\"https:\\\/\\\/mastec.se\\\/app\\\/uploads\\\/2026\\\/04\\\/IMG_7960.webp\",\"contentUrl\":\"https:\\\/\\\/mastec.se\\\/app\\\/uploads\\\/2026\\\/04\\\/IMG_7960.webp\"},{\"@type\":\"BreadcrumbList\",\"@id\":\"https:\\\/\\\/mastec.se\\\/pl\\\/?page_id=1625#breadcrumb\",\"itemListElement\":[{\"@type\":\"ListItem\",\"position\":1,\"name\":\"Home\",\"item\":\"https:\\\/\\\/mastec.se\\\/pl\\\/?page_id=1625\"},{\"@type\":\"ListItem\",\"position\":2,\"name\":\"Strona g\u0142\u00f3wna\"}]},{\"@type\":\"WebSite\",\"@id\":\"http:\\\/\\\/mastec.se\\\/#website\",\"url\":\"http:\\\/\\\/mastec.se\\\/\",\"name\":\"Mastec\",\"description\":\"\",\"publisher\":{\"@id\":\"http:\\\/\\\/mastec.se\\\/#organization\"},\"potentialAction\":[{\"@type\":\"SearchAction\",\"target\":{\"@type\":\"EntryPoint\",\"urlTemplate\":\"http:\\\/\\\/mastec.se\\\/?s={search_term_string}\"},\"query-input\":{\"@type\":\"PropertyValueSpecification\",\"valueRequired\":true,\"valueName\":\"search_term_string\"}}],\"inLanguage\":\"pl-PL\"},{\"@type\":\"Organization\",\"@id\":\"http:\\\/\\\/mastec.se\\\/#organization\",\"name\":\"Mastec\",\"url\":\"http:\\\/\\\/mastec.se\\\/\",\"logo\":{\"@type\":\"ImageObject\",\"inLanguage\":\"pl-PL\",\"@id\":\"http:\\\/\\\/mastec.se\\\/#\\\/schema\\\/logo\\\/image\\\/\",\"url\":\"http:\\\/\\\/mastec.se\\\/app\\\/uploads\\\/2026\\\/03\\\/White.svg\",\"contentUrl\":\"http:\\\/\\\/mastec.se\\\/app\\\/uploads\\\/2026\\\/03\\\/White.svg\",\"width\":299,\"height\":56,\"caption\":\"Mastec\"},\"image\":{\"@id\":\"http:\\\/\\\/mastec.se\\\/#\\\/schema\\\/logo\\\/image\\\/\"}}]}<\/script>\n<!-- \/ Yoast SEO plugin. -->","yoast_head_json":{"title":"Strona g\u0142\u00f3wna - Mastec","robots":{"index":"index","follow":"follow","max-snippet":"max-snippet:-1","max-image-preview":"max-image-preview:large","max-video-preview":"max-video-preview:-1"},"canonical":"https:\/\/mastec.se\/pl\/?page_id=1625","og_locale":"pl_PL","og_type":"article","og_title":"Strona g\u0142\u00f3wna - Mastec","og_description":"Du\u017ce lub mniejsze projekty przemys\u0142owe Niezale\u017cnie od tego, czy chodzi o mniejszy, czy wi\u0119kszy projekt przemys\u0142owy, jako podwykonawca oferujemy odpowiednie kompetencje i mo\u017cliwo\u015bci, aby towarzyszy\u0107 Pa\u0144stwu od pomys\u0142u do produkcji seryjnej. Jeste\u015bmy partnerem produkcyjnym, kt\u00f3ry czerpie rado\u015b\u0107 i widzi wyzwanie w rozwijaniu i usprawnianiu r\u00f3\u017cnych koncepcji produkcyjnych i proces\u00f3w \u2013 to w\u0142a\u015bnie nazywamy \u201ePasj\u0105 do [&hellip;]","og_url":"https:\/\/mastec.se\/pl\/?page_id=1625","og_site_name":"Mastec","article_modified_time":"2026-05-07T08:45:29+00:00","og_image":[{"url":"https:\/\/mastec.se\/app\/uploads\/2026\/04\/IMG_7960.webp","type":"","width":"","height":""}],"twitter_card":"summary_large_image","twitter_misc":{"Est. reading time":"2 minutes"},"schema":{"@context":"https:\/\/schema.org","@graph":[{"@type":"WebPage","@id":"https:\/\/mastec.se\/pl\/?page_id=1625","url":"https:\/\/mastec.se\/pl\/?page_id=1625","name":"Strona g\u0142\u00f3wna - Mastec","isPartOf":{"@id":"http:\/\/mastec.se\/#website"},"primaryImageOfPage":{"@id":"https:\/\/mastec.se\/pl\/?page_id=1625#primaryimage"},"image":{"@id":"https:\/\/mastec.se\/pl\/?page_id=1625#primaryimage"},"thumbnailUrl":"https:\/\/mastec.se\/app\/uploads\/2026\/04\/IMG_7960.webp","datePublished":"2026-03-09T14:02:17+00:00","dateModified":"2026-05-07T08:45:29+00:00","breadcrumb":{"@id":"https:\/\/mastec.se\/pl\/?page_id=1625#breadcrumb"},"inLanguage":"pl-PL","potentialAction":[{"@type":"ReadAction","target":["https:\/\/mastec.se\/pl\/?page_id=1625"]}]},{"@type":"ImageObject","inLanguage":"pl-PL","@id":"https:\/\/mastec.se\/pl\/?page_id=1625#primaryimage","url":"https:\/\/mastec.se\/app\/uploads\/2026\/04\/IMG_7960.webp","contentUrl":"https:\/\/mastec.se\/app\/uploads\/2026\/04\/IMG_7960.webp"},{"@type":"BreadcrumbList","@id":"https:\/\/mastec.se\/pl\/?page_id=1625#breadcrumb","itemListElement":[{"@type":"ListItem","position":1,"name":"Home","item":"https:\/\/mastec.se\/pl\/?page_id=1625"},{"@type":"ListItem","position":2,"name":"Strona g\u0142\u00f3wna"}]},{"@type":"WebSite","@id":"http:\/\/mastec.se\/#website","url":"http:\/\/mastec.se\/","name":"Mastec","description":"","publisher":{"@id":"http:\/\/mastec.se\/#organization"},"potentialAction":[{"@type":"SearchAction","target":{"@type":"EntryPoint","urlTemplate":"http:\/\/mastec.se\/?s={search_term_string}"},"query-input":{"@type":"PropertyValueSpecification","valueRequired":true,"valueName":"search_term_string"}}],"inLanguage":"pl-PL"},{"@type":"Organization","@id":"http:\/\/mastec.se\/#organization","name":"Mastec","url":"http:\/\/mastec.se\/","logo":{"@type":"ImageObject","inLanguage":"pl-PL","@id":"http:\/\/mastec.se\/#\/schema\/logo\/image\/","url":"http:\/\/mastec.se\/app\/uploads\/2026\/03\/White.svg","contentUrl":"http:\/\/mastec.se\/app\/uploads\/2026\/03\/White.svg","width":299,"height":56,"caption":"Mastec"},"image":{"@id":"http:\/\/mastec.se\/#\/schema\/logo\/image\/"}}]}},"_links":{"self":[{"href":"http:\/\/mastec.se\/pl\/wp-json\/wp\/v2\/pages\/1625","targetHints":{"allow":["GET"]}}],"collection":[{"href":"http:\/\/mastec.se\/pl\/wp-json\/wp\/v2\/pages"}],"about":[{"href":"http:\/\/mastec.se\/pl\/wp-json\/wp\/v2\/types\/page"}],"author":[{"embeddable":true,"href":"http:\/\/mastec.se\/pl\/wp-json\/wp\/v2\/users\/1"}],"replies":[{"embeddable":true,"href":"http:\/\/mastec.se\/pl\/wp-json\/wp\/v2\/comments?post=1625"}],"version-history":[{"count":2,"href":"http:\/\/mastec.se\/pl\/wp-json\/wp\/v2\/pages\/1625\/revisions"}],"predecessor-version":[{"id":1643,"href":"http:\/\/mastec.se\/pl\/wp-json\/wp\/v2\/pages\/1625\/revisions\/1643"}],"wp:attachment":[{"href":"http:\/\/mastec.se\/pl\/wp-json\/wp\/v2\/media?parent=1625"}],"curies":[{"name":"wp","href":"https:\/\/api.w.org\/{rel}","templated":true}]}}